{"id":19477,"date":"2022-06-09T18:45:09","date_gmt":"2022-06-09T16:45:09","guid":{"rendered":"https:\/\/stlc.local\/?page_id=19477"},"modified":"2025-03-10T17:14:39","modified_gmt":"2025-03-10T16:14:39","slug":"aviso-legal","status":"publish","type":"page","link":"https:\/\/www.tribulab.cat\/es\/aviso-legal\/","title":{"rendered":"Aviso Legal"},"content":{"rendered":"\t\t<div data-elementor-type=\"wp-page\" data-elementor-id=\"19477\" class=\"elementor elementor-19477 elementor-12727\" data-elementor-post-type=\"page\">\n\t\t\t\t\t\t<section class=\"elementor-section elementor-top-section elementor-element elementor-element-a64f764 elementor-section-stretched elementor-section-boxed elementor-section-height-default elementor-section-height-default\" data-id=\"a64f764\" data-element_type=\"section\" data-e-type=\"section\" data-settings=\"{&quot;stretch_section&quot;:&quot;section-stretched&quot;}\">\n\t\t\t\t\t\t<div class=\"elementor-container elementor-column-gap-default\">\n\t\t\t\t\t<div class=\"elementor-column elementor-col-100 elementor-top-column elementor-element elementor-element-9c4e2e2\" data-id=\"9c4e2e2\" data-element_type=\"column\" data-e-type=\"column\">\n\t\t\t<div class=\"elementor-widget-wrap elementor-element-populated\">\n\t\t\t\t\t\t<div class=\"elementor-element elementor-element-7b64997 elementor-widget elementor-widget-shortcode\" data-id=\"7b64997\" data-element_type=\"widget\" data-e-type=\"widget\" data-widget_type=\"shortcode.default\">\n\t\t\t\t<div class=\"elementor-widget-container\">\n\t\t\t\t\t\t\t<div class=\"elementor-shortcode\">\t\t<div data-elementor-type=\"section\" data-elementor-id=\"14915\" class=\"elementor elementor-14915\" data-elementor-post-type=\"elementor_library\">\n\t\t\t\t\t<section class=\"elementor-section elementor-top-section elementor-element elementor-element-3f41daaa elementor-section-full_width elementor-section-stretched elementor-section-height-default elementor-section-height-default elementor-invisible\" data-id=\"3f41daaa\" data-element_type=\"section\" data-e-type=\"section\" data-settings=\"{&quot;stretch_section&quot;:&quot;section-stretched&quot;,&quot;animation&quot;:&quot;fadeIn&quot;,&quot;animation_delay&quot;:150}\">\n\t\t\t\t\t\t<div class=\"elementor-container elementor-column-gap-no\">\n\t\t\t\t\t<div class=\"elementor-column elementor-col-100 elementor-top-column elementor-element elementor-element-4bbb8188 col-header-background-container\" data-id=\"4bbb8188\" data-element_type=\"column\" data-e-type=\"column\" data-settings=\"{&quot;background_background&quot;:&quot;classic&quot;,&quot;background_motion_fx_motion_fx_scrolling&quot;:&quot;yes&quot;,&quot;background_motion_fx_translateY_effect&quot;:&quot;yes&quot;,&quot;background_motion_fx_translateY_direction&quot;:&quot;negative&quot;,&quot;background_motion_fx_translateY_speed&quot;:{&quot;unit&quot;:&quot;px&quot;,&quot;size&quot;:7,&quot;sizes&quot;:[]},&quot;background_motion_fx_devices&quot;:[&quot;desktop&quot;,&quot;tablet&quot;],&quot;background_motion_fx_translateY_affectedRange&quot;:{&quot;unit&quot;:&quot;%&quot;,&quot;size&quot;:&quot;&quot;,&quot;sizes&quot;:{&quot;start&quot;:0,&quot;end&quot;:100}}}\">\n\t\t\t<div class=\"elementor-widget-wrap elementor-element-populated\">\n\t\t\t\t\t<div class=\"elementor-background-overlay\"><\/div>\n\t\t\t\t\t\t<div class=\"elementor-element elementor-element-137ec605 elementor-widget elementor-widget-spacer\" data-id=\"137ec605\" data-element_type=\"widget\" data-e-type=\"widget\" data-widget_type=\"spacer.default\">\n\t\t\t\t<div class=\"elementor-widget-container\">\n\t\t\t\t\t\t\t<div class=\"elementor-spacer\">\n\t\t\t<div class=\"elementor-spacer-inner\"><\/div>\n\t\t<\/div>\n\t\t\t\t\t\t<\/div>\n\t\t\t\t<\/div>\n\t\t\t\t\t<\/div>\n\t\t<\/div>\n\t\t\t\t\t<\/div>\n\t\t<\/section>\n\t\t\t\t<section class=\"elementor-section elementor-top-section elementor-element elementor-element-742d26f elementor-section-stretched elementor-section-boxed elementor-section-height-default elementor-section-height-default\" data-id=\"742d26f\" data-element_type=\"section\" data-e-type=\"section\" data-settings=\"{&quot;stretch_section&quot;:&quot;section-stretched&quot;,&quot;background_background&quot;:&quot;classic&quot;}\">\n\t\t\t\t\t\t<div class=\"elementor-container elementor-column-gap-default\">\n\t\t\t\t\t<div class=\"elementor-column elementor-col-100 elementor-top-column elementor-element elementor-element-04cf841\" data-id=\"04cf841\" data-element_type=\"column\" data-e-type=\"column\">\n\t\t\t<div class=\"elementor-widget-wrap elementor-element-populated\">\n\t\t\t\t\t\t<div class=\"elementor-element elementor-element-fa6d74a elementor-widget elementor-widget-heading\" data-id=\"fa6d74a\" data-element_type=\"widget\" data-e-type=\"widget\" data-widget_type=\"heading.default\">\n\t\t\t\t<div class=\"elementor-widget-container\">\n\t\t\t\t\t<h1 class=\"elementor-heading-title elementor-size-default\">Aviso Legal<\/h1>\t\t\t\t<\/div>\n\t\t\t\t<\/div>\n\t\t\t\t\t<\/div>\n\t\t<\/div>\n\t\t\t\t\t<\/div>\n\t\t<\/section>\n\t\t\t\t<\/div>\n\t\t<\/div>\n\t\t\t\t\t\t<\/div>\n\t\t\t\t<\/div>\n\t\t\t\t\t<\/div>\n\t\t<\/div>\n\t\t\t\t\t<\/div>\n\t\t<\/section>\n\t\t\t\t<section class=\"elementor-section elementor-top-section elementor-element elementor-element-4a5299f elementor-section-boxed elementor-section-height-default elementor-section-height-default\" data-id=\"4a5299f\" data-element_type=\"section\" data-e-type=\"section\">\n\t\t\t\t\t\t<div class=\"elementor-container elementor-column-gap-default\">\n\t\t\t\t\t<div class=\"elementor-column elementor-col-100 elementor-top-column elementor-element elementor-element-69892d4\" data-id=\"69892d4\" data-element_type=\"column\" data-e-type=\"column\">\n\t\t\t<div class=\"elementor-widget-wrap elementor-element-populated\">\n\t\t\t\t\t\t<div class=\"elementor-element elementor-element-16c6a47 elementor-widget elementor-widget-text-editor\" data-id=\"16c6a47\" data-element_type=\"widget\" data-e-type=\"widget\" data-widget_type=\"text-editor.default\">\n\t\t\t\t<div class=\"elementor-widget-container\">\n\t\t\t\t\t\t\t\t\t<h2>Av\u00eds Legal<\/h2>\t\t\t\t\t\t\t\t<\/div>\n\t\t\t\t<\/div>\n\t\t\t\t<div class=\"elementor-element elementor-element-d39589d elementor-widget-divider--view-line elementor-widget elementor-widget-divider\" data-id=\"d39589d\" data-element_type=\"widget\" data-e-type=\"widget\" data-widget_type=\"divider.default\">\n\t\t\t\t<div class=\"elementor-widget-container\">\n\t\t\t\t\t\t\t<div class=\"elementor-divider\">\n\t\t\t<span class=\"elementor-divider-separator\">\n\t\t\t\t\t\t<\/span>\n\t\t<\/div>\n\t\t\t\t\t\t<\/div>\n\t\t\t\t<\/div>\n\t\t\t\t<div class=\"elementor-element elementor-element-e206d3c elementor-widget elementor-widget-text-editor\" data-id=\"e206d3c\" data-element_type=\"widget\" data-e-type=\"widget\" data-widget_type=\"text-editor.default\">\n\t\t\t\t<div class=\"elementor-widget-container\">\n\t\t\t\t\t\t\t\t\t<p>A trav\u00e9s d\u2019aquesta p\u00e0gina es pret\u00e9n posar a disposici\u00f3 dels usuaris dels diferents serveis i informacions relacionats amb el Tribunal Laboral de Catalunya.<\/p><p>Aquest lloc web i tots els seus continguts i drets sobre aquests, incloent els textos, imatges, so i qualsevol altre material, s\u00f3n propietat de la Fundaci\u00f3 Privada Tribunal Laboral de Catalunya, o de tercers que puguin ser titulars.<\/p>\t\t\t\t\t\t\t\t<\/div>\n\t\t\t\t<\/div>\n\t\t\t\t<div class=\"elementor-element elementor-element-2eabd6e elementor-widget-divider--view-line elementor-widget elementor-widget-divider\" data-id=\"2eabd6e\" data-element_type=\"widget\" data-e-type=\"widget\" data-widget_type=\"divider.default\">\n\t\t\t\t<div class=\"elementor-widget-container\">\n\t\t\t\t\t\t\t<div class=\"elementor-divider\">\n\t\t\t<span class=\"elementor-divider-separator\">\n\t\t\t\t\t\t<\/span>\n\t\t<\/div>\n\t\t\t\t\t\t<\/div>\n\t\t\t\t<\/div>\n\t\t\t\t<div class=\"elementor-element elementor-element-3f1caf4 elementor-widget elementor-widget-text-editor\" data-id=\"3f1caf4\" data-element_type=\"widget\" data-e-type=\"widget\" data-widget_type=\"text-editor.default\">\n\t\t\t\t<div class=\"elementor-widget-container\">\n\t\t\t\t\t\t\t\t\t<h3>CONDICIONS D\u2019\u00daS<\/h3><p>1. Els serveis i informaci\u00f3 oferts per la web s\u00f3n totalment gratu\u00efts.<\/p><p>2. La Fundaci\u00f3 Privada Tribunal Laboral de Catalunya podr\u00e0 efectuar, en qualsevol moment i sense necessitat de previ av\u00eds, modificacions i actualitzacions sobre la informaci\u00f3 continguda en la seva p\u00e0gina o en la seva configuraci\u00f3 o presentaci\u00f3, aix\u00ed com suspendre temporalment l\u2019acc\u00e9s al mateix de forma discrecional o temporal .<\/p><p>3. Nom\u00e9s est\u00e0 autoritzat l\u2019\u00fas personal no-comercial d\u2019aquesta web. No est\u00e0 permesa la modificaci\u00f3 del web ni dels seus continguts. La reproducci\u00f3, distribuci\u00f3, comercialitzaci\u00f3 o transformaci\u00f3 no autoritzades d\u2019aquestes obres, tret que sigui per a \u00fas personal i privat, constitueix una infracci\u00f3 dels drets de propietat intel\u00b7lectual o d\u2019aquell que sigui titular. Igualment, totes les marques o signes distintius de qualsevol classe continguts al portal estan protegits per Llei.<\/p><p>4. L\u2019usuari accedir\u00e0 a la p\u00e0gina web i far\u00e0 \u00fas del contingut de conformitat a la legalitat vigent en cada moment i a les normes de la bona fe, la moral i els bons costums. L\u2019usuari no podr\u00e0 usar el present lloc web amb cap finalitat o prop\u00f2sit que sigui il\u00b7legal o estigui prohibit per les presents condicions d\u2019\u00fas, quedant prohibida qualsevol actuaci\u00f3 en perjudici de la Fundaci\u00f3 Privada Tribunal Laboral de Catalunya o de tercers.<\/p>\t\t\t\t\t\t\t\t<\/div>\n\t\t\t\t<\/div>\n\t\t\t\t<div class=\"elementor-element elementor-element-5293d8c elementor-widget-divider--view-line elementor-widget elementor-widget-divider\" data-id=\"5293d8c\" data-element_type=\"widget\" data-e-type=\"widget\" data-widget_type=\"divider.default\">\n\t\t\t\t<div class=\"elementor-widget-container\">\n\t\t\t\t\t\t\t<div class=\"elementor-divider\">\n\t\t\t<span class=\"elementor-divider-separator\">\n\t\t\t\t\t\t<\/span>\n\t\t<\/div>\n\t\t\t\t\t\t<\/div>\n\t\t\t\t<\/div>\n\t\t\t\t<div class=\"elementor-element elementor-element-705b2c5 elementor-widget elementor-widget-text-editor\" data-id=\"705b2c5\" data-element_type=\"widget\" data-e-type=\"widget\" data-widget_type=\"text-editor.default\">\n\t\t\t\t<div class=\"elementor-widget-container\">\n\t\t\t\t\t\t\t\t\t<h3>RESPONSABILITAT<\/h3><p>L\u2019acc\u00e9s a la Web, aix\u00ed com l\u2019\u00fas que pugui fer de la informaci\u00f3 que cont\u00e9, s\u00f3n de l\u2019exclusiva responsabilitat de l\u2019usuari. La Fundaci\u00f3 Privada Tribunal Laboral de Catalunya no es responsabilitzar\u00e0 de cap conseq\u00fc\u00e8ncia, dany o perjudici que es desprengui d\u2019aquest acc\u00e9s o \u00fas d\u2019informaci\u00f3, amb excepci\u00f3 de totes aquelles actuacions que resultin de l\u2019aplicaci\u00f3 de les disposicions legals a qu\u00e8 s\u2019hagi de presentar l\u2019estricte exercici de les seves compet\u00e8ncies. La Fundaci\u00f3 Privada Tribunal Laboral de Catalunya no es fa responsable dels danys i perjudicis que pogu\u00e9s ocasionar la utilitzaci\u00f3 de les eines, i informacions contingudes en el web, en relaci\u00f3 amb l\u2019adopci\u00f3 de decisions sobre l\u2019inici, desenvolupament o resultat de procediments administratius. Tals decisions s\u2019ajustaran exclusivament a la normativa que li sigui aplicable.<\/p><p>En qualsevol cas, la informaci\u00f3 i continguts d\u2019aquesta web no podr\u00e0 ser al\u00b7legada en processos contradictoris contra la Fundaci\u00f3 Privada Tribunal Laboral de Catalunya, no assumint cap responsabilitat per les discrep\u00e0ncies que poguessin existir entre els documents i la publicaci\u00f3 electr\u00f2nica en aquestes p\u00e0gines, no obstant, es desenvolupar\u00e0 l\u2019activitat necess\u00e0ria per evitar aquests errors o discrep\u00e0ncies i, si escau, resoldre\u2019ls o actualitzar el m\u00e9s aviat possible, als efectes de que el contingut de la informaci\u00f3 es trobi regular i permanentment actualitzat.<\/p><p>La Fundaci\u00f3 Privada Tribunal Laboral de Catalunya no garanteix l\u2019abs\u00e8ncia de virus en els serveis i continguts del Portal, ja siguin prestats directament o per tercers, incloses les connexions a trav\u00e9s de \u201clinks\u201d, de manera que no ser\u00e0 responsable dels danys i perjudicis que es puguin causar com a conseq\u00fc\u00e8ncia de l\u2019exist\u00e8ncia d\u2019aquests virus.<\/p><p>Aix\u00ed mateix, no garanteix la disponibilitat i continu\u00eftat del funcionament del web i dels serveis, de manera que no ser\u00e0 responsable dels danys i perjudicis que es poguessin causar com a conseq\u00fc\u00e8ncia de la falta de disponibilitat i \/ o continu\u00eftat.<\/p><p>La utilitzaci\u00f3 indeguda o no autoritzada de la informaci\u00f3 continguda en aquest web, aix\u00ed com els perjudicis que es puguin ocasionar en els drets de la propietat intel\u00b7lectual, donar\u00e0 lloc a les accions que legalment corresponguin i, si escau, a les responsabilitats que d\u2019aquest exercici es derivin.<\/p>\t\t\t\t\t\t\t\t<\/div>\n\t\t\t\t<\/div>\n\t\t\t\t<div class=\"elementor-element elementor-element-aa21d57 elementor-widget-divider--view-line elementor-widget elementor-widget-divider\" data-id=\"aa21d57\" data-element_type=\"widget\" data-e-type=\"widget\" data-widget_type=\"divider.default\">\n\t\t\t\t<div class=\"elementor-widget-container\">\n\t\t\t\t\t\t\t<div class=\"elementor-divider\">\n\t\t\t<span class=\"elementor-divider-separator\">\n\t\t\t\t\t\t<\/span>\n\t\t<\/div>\n\t\t\t\t\t\t<\/div>\n\t\t\t\t<\/div>\n\t\t\t\t<div class=\"elementor-element elementor-element-f5a3e00 elementor-widget elementor-widget-text-editor\" data-id=\"f5a3e00\" data-element_type=\"widget\" data-e-type=\"widget\" data-widget_type=\"text-editor.default\">\n\t\t\t\t<div class=\"elementor-widget-container\">\n\t\t\t\t\t\t\t\t\t<h3>PROTECCI\u00d3 DE DADES<\/h3><p>De conformitat amb la Llei Org\u00e0nica 15\/1999, de 13 de desembre, de protecci\u00f3 de dades de car\u00e0cter personal, les dades subministrades per l\u2019Usuari quedaran incorporades en un fitxer automatitzat, el qual ser\u00e0 processat exclusivament per a la finalitat descrita. Aquests es recolliran a trav\u00e9s dels mecanismes corresponents, els quals nom\u00e9s contindran els camps imprescindibles per poder prestar el servei requerit per l\u2019Usuari.<\/p><p>Les dades de car\u00e0cter personal es tracten amb el grau de protecci\u00f3 adequat, segons el Reial Decret 994\/1999 d\u201911 de juny, pel qual s\u2019aprova el reglament de mesures de seguretat dels fitxers automatitzats que continguin dades de car\u00e0cter personal, prenent-les mesures de seguretat necess\u00e0ries per evitar la seva alteraci\u00f3, p\u00e8rdua, tractament o acc\u00e9s no autoritzat per part de tercers que les puguin utilitzar per finalitats diferents per les que han estat sol\u00b7licitats a l\u2019Usuari. Les dades de car\u00e0cter personal objecte del tractament automatitzat nom\u00e9s podran ser cedides, segons consta en l\u2019article 11 de la Llei Org\u00e0nica 15\/1999 de 13 de desembre, per al compliment de finalitats directament relacionades amb les funcions leg\u00edtimes del cedent i del cessionari amb el previ consentiment de l\u2019afectat.<\/p>\t\t\t\t\t\t\t\t<\/div>\n\t\t\t\t<\/div>\n\t\t\t\t<div class=\"elementor-element elementor-element-65201e0 elementor-widget-divider--view-line elementor-widget elementor-widget-divider\" data-id=\"65201e0\" data-element_type=\"widget\" data-e-type=\"widget\" data-widget_type=\"divider.default\">\n\t\t\t\t<div class=\"elementor-widget-container\">\n\t\t\t\t\t\t\t<div class=\"elementor-divider\">\n\t\t\t<span class=\"elementor-divider-separator\">\n\t\t\t\t\t\t<\/span>\n\t\t<\/div>\n\t\t\t\t\t\t<\/div>\n\t\t\t\t<\/div>\n\t\t\t\t\t<\/div>\n\t\t<\/div>\n\t\t\t\t\t<\/div>\n\t\t<\/section>\n\t\t\t\t<\/div>\n\t\t","protected":false},"excerpt":{"rendered":"<p>Av\u00eds Legal A trav\u00e9s d\u2019aquesta p\u00e0gina es pret\u00e9n posar a disposici\u00f3 dels usuaris dels diferents serveis i informacions relacionats amb el Tribunal Laboral de Catalunya. Aquest lloc web i tots els seus continguts i drets sobre aquests, incloent els textos, imatges, so i qualsevol altre material, s\u00f3n propietat de la Fundaci\u00f3 Privada Tribunal Laboral de&hellip;<\/p>\n","protected":false},"author":2,"featured_media":17784,"parent":0,"menu_order":0,"comment_status":"closed","ping_status":"closed","template":"","meta":{"footnotes":""},"class_list":["post-19477","page","type-page","status-publish","has-post-thumbnail","hentry"],"_links":{"self":[{"href":"https:\/\/www.tribulab.cat\/es\/wp-json\/wp\/v2\/pages\/19477","targetHints":{"allow":["GET"]}}],"collection":[{"href":"https:\/\/www.tribulab.cat\/es\/wp-json\/wp\/v2\/pages"}],"about":[{"href":"https:\/\/www.tribulab.cat\/es\/wp-json\/wp\/v2\/types\/page"}],"author":[{"embeddable":true,"href":"https:\/\/www.tribulab.cat\/es\/wp-json\/wp\/v2\/users\/2"}],"replies":[{"embeddable":true,"href":"https:\/\/www.tribulab.cat\/es\/wp-json\/wp\/v2\/comments?post=19477"}],"version-history":[{"count":0,"href":"https:\/\/www.tribulab.cat\/es\/wp-json\/wp\/v2\/pages\/19477\/revisions"}],"wp:featuredmedia":[{"embeddable":true,"href":"https:\/\/www.tribulab.cat\/es\/wp-json\/wp\/v2\/media\/17784"}],"wp:attachment":[{"href":"https:\/\/www.tribulab.cat\/es\/wp-json\/wp\/v2\/media?parent=19477"}],"curies":[{"name":"wp","href":"https:\/\/api.w.org\/{rel}","templated":true}]}}