{"id":19001,"date":"2022-06-06T06:38:27","date_gmt":"2022-06-06T04:38:27","guid":{"rendered":"https:\/\/stlc.local\/?page_id=19001"},"modified":"2026-03-23T14:27:07","modified_gmt":"2026-03-23T13:27:07","slug":"enlaces","status":"publish","type":"page","link":"https:\/\/www.tribulab.cat\/es\/servicios\/enlaces\/","title":{"rendered":"Enlaces"},"content":{"rendered":"\t\t<div data-elementor-type=\"wp-page\" data-elementor-id=\"19001\" class=\"elementor elementor-19001 elementor-17229\" data-elementor-post-type=\"page\">\n\t\t\t\t\t\t<section class=\"elementor-section elementor-top-section elementor-element elementor-element-6aadf85 elementor-section-stretched elementor-section-boxed elementor-section-height-default elementor-section-height-default\" data-id=\"6aadf85\" data-element_type=\"section\" data-e-type=\"section\" data-settings=\"{&quot;stretch_section&quot;:&quot;section-stretched&quot;}\">\n\t\t\t\t\t\t<div class=\"elementor-container elementor-column-gap-default\">\n\t\t\t\t\t<div class=\"elementor-column elementor-col-100 elementor-top-column elementor-element elementor-element-31c9bd1\" data-id=\"31c9bd1\" data-element_type=\"column\" data-e-type=\"column\">\n\t\t\t<div class=\"elementor-widget-wrap elementor-element-populated\">\n\t\t\t\t\t\t<div class=\"elementor-element elementor-element-a1253d0 elementor-widget elementor-widget-shortcode\" data-id=\"a1253d0\" data-element_type=\"widget\" data-e-type=\"widget\" data-widget_type=\"shortcode.default\">\n\t\t\t\t<div class=\"elementor-widget-container\">\n\t\t\t\t\t\t\t<div class=\"elementor-shortcode\">\t\t<div data-elementor-type=\"section\" data-elementor-id=\"14915\" class=\"elementor elementor-14915\" data-elementor-post-type=\"elementor_library\">\n\t\t\t\t\t<section class=\"elementor-section elementor-top-section elementor-element elementor-element-3f41daaa elementor-section-full_width elementor-section-stretched elementor-section-height-default elementor-section-height-default elementor-invisible\" data-id=\"3f41daaa\" data-element_type=\"section\" data-e-type=\"section\" data-settings=\"{&quot;stretch_section&quot;:&quot;section-stretched&quot;,&quot;animation&quot;:&quot;fadeIn&quot;,&quot;animation_delay&quot;:150}\">\n\t\t\t\t\t\t<div class=\"elementor-container elementor-column-gap-no\">\n\t\t\t\t\t<div class=\"elementor-column elementor-col-100 elementor-top-column elementor-element elementor-element-4bbb8188 col-header-background-container\" data-id=\"4bbb8188\" data-element_type=\"column\" data-e-type=\"column\" data-settings=\"{&quot;background_background&quot;:&quot;classic&quot;,&quot;background_motion_fx_motion_fx_scrolling&quot;:&quot;yes&quot;,&quot;background_motion_fx_translateY_effect&quot;:&quot;yes&quot;,&quot;background_motion_fx_translateY_direction&quot;:&quot;negative&quot;,&quot;background_motion_fx_translateY_speed&quot;:{&quot;unit&quot;:&quot;px&quot;,&quot;size&quot;:7,&quot;sizes&quot;:[]},&quot;background_motion_fx_devices&quot;:[&quot;desktop&quot;,&quot;tablet&quot;],&quot;background_motion_fx_translateY_affectedRange&quot;:{&quot;unit&quot;:&quot;%&quot;,&quot;size&quot;:&quot;&quot;,&quot;sizes&quot;:{&quot;start&quot;:0,&quot;end&quot;:100}}}\">\n\t\t\t<div class=\"elementor-widget-wrap elementor-element-populated\">\n\t\t\t\t\t<div class=\"elementor-background-overlay\"><\/div>\n\t\t\t\t\t\t<div class=\"elementor-element elementor-element-137ec605 elementor-widget elementor-widget-spacer\" data-id=\"137ec605\" data-element_type=\"widget\" data-e-type=\"widget\" data-widget_type=\"spacer.default\">\n\t\t\t\t<div class=\"elementor-widget-container\">\n\t\t\t\t\t\t\t<div class=\"elementor-spacer\">\n\t\t\t<div class=\"elementor-spacer-inner\"><\/div>\n\t\t<\/div>\n\t\t\t\t\t\t<\/div>\n\t\t\t\t<\/div>\n\t\t\t\t\t<\/div>\n\t\t<\/div>\n\t\t\t\t\t<\/div>\n\t\t<\/section>\n\t\t\t\t<section class=\"elementor-section elementor-top-section elementor-element elementor-element-742d26f elementor-section-stretched elementor-section-boxed elementor-section-height-default elementor-section-height-default\" data-id=\"742d26f\" data-element_type=\"section\" data-e-type=\"section\" data-settings=\"{&quot;stretch_section&quot;:&quot;section-stretched&quot;,&quot;background_background&quot;:&quot;classic&quot;}\">\n\t\t\t\t\t\t<div class=\"elementor-container elementor-column-gap-default\">\n\t\t\t\t\t<div class=\"elementor-column elementor-col-100 elementor-top-column elementor-element elementor-element-04cf841\" data-id=\"04cf841\" data-element_type=\"column\" data-e-type=\"column\">\n\t\t\t<div class=\"elementor-widget-wrap elementor-element-populated\">\n\t\t\t\t\t\t<div class=\"elementor-element elementor-element-fa6d74a elementor-widget elementor-widget-heading\" data-id=\"fa6d74a\" data-element_type=\"widget\" data-e-type=\"widget\" data-widget_type=\"heading.default\">\n\t\t\t\t<div class=\"elementor-widget-container\">\n\t\t\t\t\t<h1 class=\"elementor-heading-title elementor-size-default\">Enlaces<\/h1>\t\t\t\t<\/div>\n\t\t\t\t<\/div>\n\t\t\t\t\t<\/div>\n\t\t<\/div>\n\t\t\t\t\t<\/div>\n\t\t<\/section>\n\t\t\t\t<\/div>\n\t\t<\/div>\n\t\t\t\t\t\t<\/div>\n\t\t\t\t<\/div>\n\t\t\t\t\t<\/div>\n\t\t<\/div>\n\t\t\t\t\t<\/div>\n\t\t<\/section>\n\t\t\t\t<section class=\"elementor-section elementor-top-section elementor-element elementor-element-21e6523 elementor-section-boxed elementor-section-height-default elementor-section-height-default\" data-id=\"21e6523\" data-element_type=\"section\" data-e-type=\"section\">\n\t\t\t\t\t\t<div class=\"elementor-container elementor-column-gap-default\">\n\t\t\t\t\t<div class=\"elementor-column elementor-col-100 elementor-top-column elementor-element elementor-element-af37243\" data-id=\"af37243\" data-element_type=\"column\" data-e-type=\"column\">\n\t\t\t<div class=\"elementor-widget-wrap elementor-element-populated\">\n\t\t\t\t\t\t<div class=\"elementor-element elementor-element-410ab6c elementor-widget elementor-widget-text-editor\" data-id=\"410ab6c\" data-element_type=\"widget\" data-e-type=\"widget\" data-widget_type=\"text-editor.default\">\n\t\t\t\t<div class=\"elementor-widget-container\">\n\t\t\t\t\t\t\t\t\t<h2>Enlaces de inter\u00e9s<\/h2>\t\t\t\t\t\t\t\t<\/div>\n\t\t\t\t<\/div>\n\t\t\t\t<div class=\"elementor-element elementor-element-3fb8566 elementor-widget-divider--view-line elementor-widget elementor-widget-divider\" data-id=\"3fb8566\" data-element_type=\"widget\" data-e-type=\"widget\" data-widget_type=\"divider.default\">\n\t\t\t\t<div class=\"elementor-widget-container\">\n\t\t\t\t\t\t\t<div class=\"elementor-divider\">\n\t\t\t<span class=\"elementor-divider-separator\">\n\t\t\t\t\t\t<\/span>\n\t\t<\/div>\n\t\t\t\t\t\t<\/div>\n\t\t\t\t<\/div>\n\t\t\t\t<div class=\"elementor-element elementor-element-374aae0 recull-premsa-container elementor-widget elementor-widget-text-editor\" data-id=\"374aae0\" data-element_type=\"widget\" data-e-type=\"widget\" data-widget_type=\"text-editor.default\">\n\t\t\t\t<div class=\"elementor-widget-container\">\n\t\t\t\t\t\t\t\t\t<p><a href=\"http:\/\/www.foment.com\/\" target=\"_blank\" rel=\"noopener\">Web de Fomento del Trabajo Nacional (FTN)<\/a><\/p><p><a href=\"http:\/\/www.ccoo.cat\/\" target=\"_blank\" rel=\"noopener\">Web de Comisiones Obreras de Catalunya (CCOO)<\/a><\/p><p><a href=\"http:\/\/www.ugt.cat\/\" target=\"_blank\" rel=\"noopener\">Web de la Uni\u00f3n General de Trabajadores de Catalunya (UGT)<\/a><\/p><p><a href=\"http:\/\/www.pimec.org\/\" target=\"_blank\" rel=\"noopener\">Web de la Micro, Peque\u00f1a y Mediana Empresa de Catalunya (PIMEC)<\/a><\/p><p><a href=\"http:\/\/www.usoc.es\/\" target=\"_blank\" rel=\"noopener\">Web de la Uni\u00f3n Sindical Obrera (USOC)<\/a><\/p>\t\t\t\t\t\t\t\t<\/div>\n\t\t\t\t<\/div>\n\t\t\t\t\t<\/div>\n\t\t<\/div>\n\t\t\t\t\t<\/div>\n\t\t<\/section>\n\t\t\t\t<section class=\"elementor-section elementor-top-section elementor-element elementor-element-b6cfe22 elementor-section-boxed elementor-section-height-default elementor-section-height-default\" data-id=\"b6cfe22\" data-element_type=\"section\" data-e-type=\"section\">\n\t\t\t\t\t\t<div class=\"elementor-container elementor-column-gap-default\">\n\t\t\t\t\t<div class=\"elementor-column elementor-col-100 elementor-top-column elementor-element elementor-element-5f77afb\" data-id=\"5f77afb\" data-element_type=\"column\" data-e-type=\"column\">\n\t\t\t<div class=\"elementor-widget-wrap elementor-element-populated\">\n\t\t\t\t\t\t<div class=\"elementor-element elementor-element-dae9326 elementor-widget-divider--view-line elementor-widget elementor-widget-divider\" data-id=\"dae9326\" data-element_type=\"widget\" data-e-type=\"widget\" data-widget_type=\"divider.default\">\n\t\t\t\t<div class=\"elementor-widget-container\">\n\t\t\t\t\t\t\t<div class=\"elementor-divider\">\n\t\t\t<span class=\"elementor-divider-separator\">\n\t\t\t\t\t\t<\/span>\n\t\t<\/div>\n\t\t\t\t\t\t<\/div>\n\t\t\t\t<\/div>\n\t\t\t\t<div class=\"elementor-element elementor-element-9983039 elementor-widget elementor-widget-text-editor\" data-id=\"9983039\" data-element_type=\"widget\" data-e-type=\"widget\" data-widget_type=\"text-editor.default\">\n\t\t\t\t<div class=\"elementor-widget-container\">\n\t\t\t\t\t\t\t\t\t<h2>Organismos Extrajudiciales de Soluci\u00f3n de Conflictos Laborales<\/h2>\t\t\t\t\t\t\t\t<\/div>\n\t\t\t\t<\/div>\n\t\t\t\t<div class=\"elementor-element elementor-element-b6734bc elementor-widget-divider--view-line elementor-widget elementor-widget-divider\" data-id=\"b6734bc\" data-element_type=\"widget\" data-e-type=\"widget\" data-widget_type=\"divider.default\">\n\t\t\t\t<div class=\"elementor-widget-container\">\n\t\t\t\t\t\t\t<div class=\"elementor-divider\">\n\t\t\t<span class=\"elementor-divider-separator\">\n\t\t\t\t\t\t<\/span>\n\t\t<\/div>\n\t\t\t\t\t\t<\/div>\n\t\t\t\t<\/div>\n\t\t\t\t<div class=\"elementor-element elementor-element-71c186c recull-premsa-container elementor-widget elementor-widget-text-editor\" data-id=\"71c186c\" data-element_type=\"widget\" data-e-type=\"widget\" data-widget_type=\"text-editor.default\">\n\t\t\t\t<div class=\"elementor-widget-container\">\n\t\t\t\t\t\t\t\t\t<p><a href=\"http:\/\/www.fundacionsama.com\/\" target=\"_blank\" rel=\"noopener\">Arag\u00f3n: Servicio Aragones de Mediaci\u00f3n y Arbitraje (SAMA).<\/a><\/p><p><a href=\"https:\/\/www.tribulab.cat\/es\/enllacos\/www.sasec.es\" target=\"_blank\" rel=\"noopener\">Asturias: Servicio Asturiano de Soluci\u00f3n Extrajudicial de Conflictos Laborales (SASEC)<\/a><\/p><p><a href=\"http:\/\/www.juntadeandalucia.es\/empleo\/carl\/portal\/web\/guest\/sercla-inicio\" target=\"_blank\" rel=\"noopener\">Andalucia: Servicio Extrajudicial de Soluci\u00f3n de Conflictos Laborales de Andalucia (SERCLA)<\/a><\/p><p><a href=\"http:\/\/www.orecla.com\/orecla.php?id_cliente=106\" target=\"_blank\" rel=\"noopener\">Cantabria: Organismo de Resoluci\u00f3n Extrajudicial de Conflictos Laborales (ORECLA)<\/a><\/p><p><a href=\"http:\/\/www.serla.es\/\" target=\"_blank\" rel=\"noopener\">Castilla y Le\u00f3n: Servicio Regional de Relaciones Laborales de Castilla y Le\u00f3n (SERLA)<\/a><\/p><p><a href=\"http:\/\/www.frlex.es\/\" target=\"_blank\" rel=\"noopener\">Extremadura: Fundaci\u00f3n de Relaciones Laborals de Extremadura (FRLEX)<\/a><\/p><p><a href=\"http:\/\/cgrl.xunta.es\/g_aga.asp\" target=\"_blank\" rel=\"noopener\">Galicia: Acuerdo Interprofesional Gallego sobre Procedimientos Extrajudiciales para Soluci\u00f3n de Conflictos Colectivos de Trabajo\u00a0 (AGA)<\/a><\/p><p><a href=\"http:\/\/www.tamib.es\/\" target=\"_blank\" rel=\"noopener\">Islas Baleares: Tribunal de Arbitraje y Mediaci\u00f3n de las Islas Baleares (TAMIB)<\/a><\/p><p><a href=\"http:\/\/www.institutolaboralmadrid.org\/framer\/framer.htm\" target=\"_blank\" rel=\"noopener\">Madrid: Instituto Laboral de Madrid (ILM)<\/a><\/p><p><a href=\"http:\/\/www.orcl.org\/\" target=\"_blank\" rel=\"noopener\">Murcia: Oficina de Resoluci\u00f3n de Conflictos Laborales (ORCL)<\/a><\/p><p><a href=\"http:\/\/www.tlnavarra.es\/\" target=\"_blank\" rel=\"noopener\">Navarra: Tribunal Laboral de Navarra (TLN)<\/a><\/p><p><a href=\"http:\/\/web.crl-lhk.org\/\" target=\"_blank\" rel=\"noopener\">Pa\u00eds Vasco: PRECO<\/a><\/p><p><a href=\"http:\/\/www.fundaciontal.org\/\" target=\"_blank\" rel=\"noopener\">Valencia: Tribunal de Arbitraje Laboral de la Comunitad Valenciana (TAL)<\/a><\/p><p><a href=\"http:\/\/fsima.es\/\" target=\"_blank\" rel=\"noopener\">Estatal: Servicio Interconfederal de Mediaci\u00f3n y Arbitraje (SIMA)<\/a><\/p>\t\t\t\t\t\t\t\t<\/div>\n\t\t\t\t<\/div>\n\t\t\t\t\t<\/div>\n\t\t<\/div>\n\t\t\t\t\t<\/div>\n\t\t<\/section>\n\t\t\t\t<section class=\"elementor-section elementor-top-section elementor-element elementor-element-c1215c2 elementor-section-boxed elementor-section-height-default elementor-section-height-default\" data-id=\"c1215c2\" data-element_type=\"section\" data-e-type=\"section\">\n\t\t\t\t\t\t<div class=\"elementor-container elementor-column-gap-default\">\n\t\t\t\t\t<div class=\"elementor-column elementor-col-100 elementor-top-column elementor-element elementor-element-7283ba7\" data-id=\"7283ba7\" data-element_type=\"column\" data-e-type=\"column\">\n\t\t\t<div class=\"elementor-widget-wrap elementor-element-populated\">\n\t\t\t\t\t\t<div class=\"elementor-element elementor-element-b6754aa elementor-widget-divider--view-line elementor-widget elementor-widget-divider\" data-id=\"b6754aa\" data-element_type=\"widget\" data-e-type=\"widget\" data-widget_type=\"divider.default\">\n\t\t\t\t<div class=\"elementor-widget-container\">\n\t\t\t\t\t\t\t<div class=\"elementor-divider\">\n\t\t\t<span class=\"elementor-divider-separator\">\n\t\t\t\t\t\t<\/span>\n\t\t<\/div>\n\t\t\t\t\t\t<\/div>\n\t\t\t\t<\/div>\n\t\t\t\t<div class=\"elementor-element elementor-element-9ae3874 elementor-widget elementor-widget-text-editor\" data-id=\"9ae3874\" data-element_type=\"widget\" data-e-type=\"widget\" data-widget_type=\"text-editor.default\">\n\t\t\t\t<div class=\"elementor-widget-container\">\n\t\t\t\t\t\t\t\t\t<h2>Otros organismos<\/h2>\t\t\t\t\t\t\t\t<\/div>\n\t\t\t\t<\/div>\n\t\t\t\t<div class=\"elementor-element elementor-element-59dfabe elementor-widget-divider--view-line elementor-widget elementor-widget-divider\" data-id=\"59dfabe\" data-element_type=\"widget\" data-e-type=\"widget\" data-widget_type=\"divider.default\">\n\t\t\t\t<div class=\"elementor-widget-container\">\n\t\t\t\t\t\t\t<div class=\"elementor-divider\">\n\t\t\t<span class=\"elementor-divider-separator\">\n\t\t\t\t\t\t<\/span>\n\t\t<\/div>\n\t\t\t\t\t\t<\/div>\n\t\t\t\t<\/div>\n\t\t\t\t<div class=\"elementor-element elementor-element-19cc38c recull-premsa-container elementor-widget elementor-widget-text-editor\" data-id=\"19cc38c\" data-element_type=\"widget\" data-e-type=\"widget\" data-widget_type=\"text-editor.default\">\n\t\t\t\t<div class=\"elementor-widget-container\">\n\t\t\t\t\t\t\t\t\t<p><a href=\"https:\/\/cemical.diba.cat\/resolucio-de-conflictes\" target=\"_blank\" rel=\"noopener\">Consorcio de\u00a0 Estudios, Mediaci\u00f3n y Conciliaci\u00f3n en la Administraci\u00f3n Local (CEMICAL)<\/a><\/p><p><a href=\"http:\/\/www.ctesc.cat\/\" target=\"_blank\" rel=\"noopener\">Consejo de Trabajo Econ\u00f3mico y Social de Catalunya (CTESC)<\/a><\/p>\t\t\t\t\t\t\t\t<\/div>\n\t\t\t\t<\/div>\n\t\t\t\t\t<\/div>\n\t\t<\/div>\n\t\t\t\t\t<\/div>\n\t\t<\/section>\n\t\t\t\t<\/div>\n\t\t","protected":false},"excerpt":{"rendered":"<p>Enlaces de inter\u00e9s Web de Fomento del Trabajo Nacional (FTN) Web de Comisiones Obreras de Catalunya (CCOO) Web de la Uni\u00f3n General de Trabajadores de Catalunya (UGT) Web de la Micro, Peque\u00f1a y Mediana Empresa de Catalunya (PIMEC) Web de la Uni\u00f3n Sindical Obrera (USOC) Organismos Extrajudiciales de Soluci\u00f3n de Conflictos Laborales Arag\u00f3n: Servicio Aragones&hellip;<\/p>\n","protected":false},"author":2,"featured_media":17231,"parent":18921,"menu_order":0,"comment_status":"closed","ping_status":"closed","template":"","meta":{"footnotes":""},"class_list":["post-19001","page","type-page","status-publish","has-post-thumbnail","hentry"],"_links":{"self":[{"href":"https:\/\/www.tribulab.cat\/es\/wp-json\/wp\/v2\/pages\/19001","targetHints":{"allow":["GET"]}}],"collection":[{"href":"https:\/\/www.tribulab.cat\/es\/wp-json\/wp\/v2\/pages"}],"about":[{"href":"https:\/\/www.tribulab.cat\/es\/wp-json\/wp\/v2\/types\/page"}],"author":[{"embeddable":true,"href":"https:\/\/www.tribulab.cat\/es\/wp-json\/wp\/v2\/users\/2"}],"replies":[{"embeddable":true,"href":"https:\/\/www.tribulab.cat\/es\/wp-json\/wp\/v2\/comments?post=19001"}],"version-history":[{"count":6,"href":"https:\/\/www.tribulab.cat\/es\/wp-json\/wp\/v2\/pages\/19001\/revisions"}],"predecessor-version":[{"id":25397,"href":"https:\/\/www.tribulab.cat\/es\/wp-json\/wp\/v2\/pages\/19001\/revisions\/25397"}],"up":[{"embeddable":true,"href":"https:\/\/www.tribulab.cat\/es\/wp-json\/wp\/v2\/pages\/18921"}],"wp:featuredmedia":[{"embeddable":true,"href":"https:\/\/www.tribulab.cat\/es\/wp-json\/wp\/v2\/media\/17231"}],"wp:attachment":[{"href":"https:\/\/www.tribulab.cat\/es\/wp-json\/wp\/v2\/media?parent=19001"}],"curies":[{"name":"wp","href":"https:\/\/api.w.org\/{rel}","templated":true}]}}