{"id":18962,"date":"2022-06-05T19:37:50","date_gmt":"2022-06-05T17:37:50","guid":{"rendered":"https:\/\/stlc.local\/?page_id=18962"},"modified":"2025-03-19T12:44:10","modified_gmt":"2025-03-19T11:44:10","slug":"portal-de-transparencia","status":"publish","type":"page","link":"https:\/\/www.tribulab.cat\/es\/portal-de-transparencia\/","title":{"rendered":"Portal de Transparencia"},"content":{"rendered":"\t\t<div data-elementor-type=\"wp-page\" data-elementor-id=\"18962\" class=\"elementor elementor-18962 elementor-17260\" data-elementor-post-type=\"page\">\n\t\t\t\t\t\t<section class=\"elementor-section elementor-top-section elementor-element elementor-element-6aadf85 elementor-section-stretched elementor-section-boxed elementor-section-height-default elementor-section-height-default\" data-id=\"6aadf85\" data-element_type=\"section\" data-e-type=\"section\" data-settings=\"{&quot;stretch_section&quot;:&quot;section-stretched&quot;}\">\n\t\t\t\t\t\t<div class=\"elementor-container elementor-column-gap-default\">\n\t\t\t\t\t<div class=\"elementor-column elementor-col-100 elementor-top-column elementor-element elementor-element-31c9bd1\" data-id=\"31c9bd1\" data-element_type=\"column\" data-e-type=\"column\">\n\t\t\t<div class=\"elementor-widget-wrap elementor-element-populated\">\n\t\t\t\t\t\t<div class=\"elementor-element elementor-element-a1253d0 elementor-widget elementor-widget-shortcode\" data-id=\"a1253d0\" data-element_type=\"widget\" data-e-type=\"widget\" data-widget_type=\"shortcode.default\">\n\t\t\t\t<div class=\"elementor-widget-container\">\n\t\t\t\t\t\t\t<div class=\"elementor-shortcode\">\t\t<div data-elementor-type=\"section\" data-elementor-id=\"14915\" class=\"elementor elementor-14915\" data-elementor-post-type=\"elementor_library\">\n\t\t\t\t\t<section class=\"elementor-section elementor-top-section elementor-element elementor-element-3f41daaa elementor-section-full_width elementor-section-stretched elementor-section-height-default elementor-section-height-default elementor-invisible\" data-id=\"3f41daaa\" data-element_type=\"section\" data-e-type=\"section\" data-settings=\"{&quot;stretch_section&quot;:&quot;section-stretched&quot;,&quot;animation&quot;:&quot;fadeIn&quot;,&quot;animation_delay&quot;:150}\">\n\t\t\t\t\t\t<div class=\"elementor-container elementor-column-gap-no\">\n\t\t\t\t\t<div class=\"elementor-column elementor-col-100 elementor-top-column elementor-element elementor-element-4bbb8188 col-header-background-container\" data-id=\"4bbb8188\" data-element_type=\"column\" data-e-type=\"column\" data-settings=\"{&quot;background_background&quot;:&quot;classic&quot;,&quot;background_motion_fx_motion_fx_scrolling&quot;:&quot;yes&quot;,&quot;background_motion_fx_translateY_effect&quot;:&quot;yes&quot;,&quot;background_motion_fx_translateY_direction&quot;:&quot;negative&quot;,&quot;background_motion_fx_translateY_speed&quot;:{&quot;unit&quot;:&quot;px&quot;,&quot;size&quot;:7,&quot;sizes&quot;:[]},&quot;background_motion_fx_devices&quot;:[&quot;desktop&quot;,&quot;tablet&quot;],&quot;background_motion_fx_translateY_affectedRange&quot;:{&quot;unit&quot;:&quot;%&quot;,&quot;size&quot;:&quot;&quot;,&quot;sizes&quot;:{&quot;start&quot;:0,&quot;end&quot;:100}}}\">\n\t\t\t<div class=\"elementor-widget-wrap elementor-element-populated\">\n\t\t\t\t\t<div class=\"elementor-background-overlay\"><\/div>\n\t\t\t\t\t\t<div class=\"elementor-element elementor-element-137ec605 elementor-widget elementor-widget-spacer\" data-id=\"137ec605\" data-element_type=\"widget\" data-e-type=\"widget\" data-widget_type=\"spacer.default\">\n\t\t\t\t<div class=\"elementor-widget-container\">\n\t\t\t\t\t\t\t<div class=\"elementor-spacer\">\n\t\t\t<div class=\"elementor-spacer-inner\"><\/div>\n\t\t<\/div>\n\t\t\t\t\t\t<\/div>\n\t\t\t\t<\/div>\n\t\t\t\t\t<\/div>\n\t\t<\/div>\n\t\t\t\t\t<\/div>\n\t\t<\/section>\n\t\t\t\t<section class=\"elementor-section elementor-top-section elementor-element elementor-element-742d26f elementor-section-stretched elementor-section-boxed elementor-section-height-default elementor-section-height-default\" data-id=\"742d26f\" data-element_type=\"section\" data-e-type=\"section\" data-settings=\"{&quot;stretch_section&quot;:&quot;section-stretched&quot;,&quot;background_background&quot;:&quot;classic&quot;}\">\n\t\t\t\t\t\t<div class=\"elementor-container elementor-column-gap-default\">\n\t\t\t\t\t<div class=\"elementor-column elementor-col-100 elementor-top-column elementor-element elementor-element-04cf841\" data-id=\"04cf841\" data-element_type=\"column\" data-e-type=\"column\">\n\t\t\t<div class=\"elementor-widget-wrap elementor-element-populated\">\n\t\t\t\t\t\t<div class=\"elementor-element elementor-element-fa6d74a elementor-widget elementor-widget-heading\" data-id=\"fa6d74a\" data-element_type=\"widget\" data-e-type=\"widget\" data-widget_type=\"heading.default\">\n\t\t\t\t<div class=\"elementor-widget-container\">\n\t\t\t\t\t<h1 class=\"elementor-heading-title elementor-size-default\">Portal de Transparencia<\/h1>\t\t\t\t<\/div>\n\t\t\t\t<\/div>\n\t\t\t\t\t<\/div>\n\t\t<\/div>\n\t\t\t\t\t<\/div>\n\t\t<\/section>\n\t\t\t\t<\/div>\n\t\t<\/div>\n\t\t\t\t\t\t<\/div>\n\t\t\t\t<\/div>\n\t\t\t\t\t<\/div>\n\t\t<\/div>\n\t\t\t\t\t<\/div>\n\t\t<\/section>\n\t\t\t\t<section class=\"elementor-section elementor-top-section elementor-element elementor-element-16cd7b4 elementor-section-boxed elementor-section-height-default elementor-section-height-default\" data-id=\"16cd7b4\" data-element_type=\"section\" data-e-type=\"section\">\n\t\t\t\t\t\t<div class=\"elementor-container elementor-column-gap-default\">\n\t\t\t\t\t<div class=\"elementor-column elementor-col-100 elementor-top-column elementor-element elementor-element-496fd42\" data-id=\"496fd42\" data-element_type=\"column\" data-e-type=\"column\">\n\t\t\t<div class=\"elementor-widget-wrap elementor-element-populated\">\n\t\t\t\t\t\t<div class=\"elementor-element elementor-element-9bb666e elementor-widget elementor-widget-text-editor\" data-id=\"9bb666e\" data-element_type=\"widget\" data-e-type=\"widget\" data-widget_type=\"text-editor.default\">\n\t\t\t\t<div class=\"elementor-widget-container\">\n\t\t\t\t\t\t\t\t\t<h2>Introducci\u00f3n<\/h2>\t\t\t\t\t\t\t\t<\/div>\n\t\t\t\t<\/div>\n\t\t\t\t<div class=\"elementor-element elementor-element-628efb3 elementor-widget-divider--view-line elementor-widget elementor-widget-divider\" data-id=\"628efb3\" data-element_type=\"widget\" data-e-type=\"widget\" data-widget_type=\"divider.default\">\n\t\t\t\t<div class=\"elementor-widget-container\">\n\t\t\t\t\t\t\t<div class=\"elementor-divider\">\n\t\t\t<span class=\"elementor-divider-separator\">\n\t\t\t\t\t\t<\/span>\n\t\t<\/div>\n\t\t\t\t\t\t<\/div>\n\t\t\t\t<\/div>\n\t\t\t\t<div class=\"elementor-element elementor-element-1699ea3 elementor-widget elementor-widget-text-editor\" data-id=\"1699ea3\" data-element_type=\"widget\" data-e-type=\"widget\" data-widget_type=\"text-editor.default\">\n\t\t\t\t<div class=\"elementor-widget-container\">\n\t\t\t\t\t\t\t\t\t<p>La entrada en vigor de la Ley 19\/2013 y de la Ley 19\/2014, ambas de transparencia, acceso a la informaci\u00f3n y buen gobierno, requiere el cumplimiento de la obligaci\u00f3n de publicidad activa, que busca anticiparse a las necesidades y exigencias de informaci\u00f3n de la opini\u00f3n p\u00fablica.<\/p><p>Para facilitar el acceso del p\u00fablico en general y promover la disponibilidad de la informaci\u00f3n, hemos reunido en esta plataforma toda la informaci\u00f3n de car\u00e1cter organizativo, normativo, econ\u00f3mico y presupuestario a que se refieren las citadas leyes. La informaci\u00f3n sujeta a las obligaciones de transparencia aqu\u00ed contenida se publica de manera clara, estructurada y comprensible para los interesados, mediante acceso f\u00e1cil y gratuito y de acuerdo con los principios t\u00e9cnicos de accesibilidad universal, interoperabilidad y reutilizaci\u00f3n. Esta informaci\u00f3n se actualizar\u00e1 de manera peri\u00f3dica.<\/p>\t\t\t\t\t\t\t\t<\/div>\n\t\t\t\t<\/div>\n\t\t\t\t<div class=\"elementor-element elementor-element-2caeaf6 elementor-widget-divider--view-line elementor-widget elementor-widget-divider\" data-id=\"2caeaf6\" data-element_type=\"widget\" data-e-type=\"widget\" data-widget_type=\"divider.default\">\n\t\t\t\t<div class=\"elementor-widget-container\">\n\t\t\t\t\t\t\t<div class=\"elementor-divider\">\n\t\t\t<span class=\"elementor-divider-separator\">\n\t\t\t\t\t\t<\/span>\n\t\t<\/div>\n\t\t\t\t\t\t<\/div>\n\t\t\t\t<\/div>\n\t\t\t\t\t<\/div>\n\t\t<\/div>\n\t\t\t\t\t<\/div>\n\t\t<\/section>\n\t\t\t\t<section class=\"elementor-section elementor-top-section elementor-element elementor-element-3ba5b52 elementor-section-boxed elementor-section-height-default elementor-section-height-default\" data-id=\"3ba5b52\" data-element_type=\"section\" data-e-type=\"section\">\n\t\t\t\t\t\t<div class=\"elementor-container elementor-column-gap-default\">\n\t\t\t\t\t<div class=\"elementor-column elementor-col-100 elementor-top-column elementor-element elementor-element-b6d8ce6\" data-id=\"b6d8ce6\" data-element_type=\"column\" data-e-type=\"column\">\n\t\t\t<div class=\"elementor-widget-wrap elementor-element-populated\">\n\t\t\t\t\t\t<div class=\"elementor-element elementor-element-0c32936 elementor-widget elementor-widget-text-editor\" data-id=\"0c32936\" data-element_type=\"widget\" data-e-type=\"widget\" data-widget_type=\"text-editor.default\">\n\t\t\t\t<div class=\"elementor-widget-container\">\n\t\t\t\t\t\t\t\t\t<h2>Informaci\u00f3n Organizativa<\/h2>\t\t\t\t\t\t\t\t<\/div>\n\t\t\t\t<\/div>\n\t\t\t\t<div class=\"elementor-element elementor-element-4ccd889 elementor-widget-divider--view-line elementor-widget elementor-widget-divider\" data-id=\"4ccd889\" data-element_type=\"widget\" data-e-type=\"widget\" data-widget_type=\"divider.default\">\n\t\t\t\t<div class=\"elementor-widget-container\">\n\t\t\t\t\t\t\t<div class=\"elementor-divider\">\n\t\t\t<span class=\"elementor-divider-separator\">\n\t\t\t\t\t\t<\/span>\n\t\t<\/div>\n\t\t\t\t\t\t<\/div>\n\t\t\t\t<\/div>\n\t\t\t\t<div class=\"elementor-element elementor-element-34611d9 elementor-widget elementor-widget-text-editor\" data-id=\"34611d9\" data-element_type=\"widget\" data-e-type=\"widget\" data-widget_type=\"text-editor.default\">\n\t\t\t\t<div class=\"elementor-widget-container\">\n\t\t\t\t\t\t\t\t\t<h3>FUNCIONES<\/h3>\nTal como se establece en el art\u00edculo 5 de los Estatutos (Fines fundacionales), la Fundaci\u00f3n Privada Tribunal Laboral de Catalu\u00f1a tiene por objeto ejercer las funciones de conciliaci\u00f3n, mediaci\u00f3n y arbitraje en beneficio de las empresas y trabajadores de Catalu\u00f1a, previstos en los diferentes Acuerdo interprofesionales de Catalu\u00f1a firmados por las organizaciones empresariales y sindicales m\u00e1s representativas en Catalu\u00f1a (DOGC n\u00fam. 1397, de 23 de enero de 1991; DOGC n\u00fam. 4466 de 9 de septiembre de 2005; y DOGC 7112 de 3 de mayo de 2016), as\u00ed como en su Reglamento de Funcionamiento del Tribunal Laboral de Catalu\u00f1a (DOGC 4490, de 17 de octubre de 2005).\t\t\t\t\t\t\t\t<\/div>\n\t\t\t\t<\/div>\n\t\t\t\t<div class=\"elementor-element elementor-element-53fe95e elementor-widget elementor-widget-text-editor\" data-id=\"53fe95e\" data-element_type=\"widget\" data-e-type=\"widget\" data-widget_type=\"text-editor.default\">\n\t\t\t\t<div class=\"elementor-widget-container\">\n\t\t\t\t\t\t\t\t\t<h3>\u00d3RGANO DE DIRECCI\u00d3N DE LA FUNDACI\u00d3N<\/h3><p>A los efectos establecidos en el Cap\u00edtulo II del T\u00edtulo III (Organizaci\u00f3n y funcionamiento de la Ley 4\/2008 del 24 de abril, del libro tercero del C\u00f3digo Civil de Catalu\u00f1a, relativo a las personas jur\u00eddicas, se constituye el Patronato de la Fundaci\u00f3n Privada Tribunal Laboral de Catalu\u00f1a.<br \/>El Patronato es el \u00f3rgano de gobierno y administraci\u00f3n de la Fundaci\u00f3n, la representa y gestiona, y asume todas las facultades y funciones necesarias para la consecuci\u00f3n de los fines fundacionales.<br \/>El Patronato est\u00e1 constituido por ocho miembros designados por las organizaciones miembros, de acuerdo con el siguiente desglose: dos miembros ser\u00e1n designados por Fomento del Trabajo Nacional, dos por PIMEC, dos por la Uni\u00f3n General de Trabajadores de Catalu\u00f1a y dos por la Comisi\u00f3n Obrera Nacional de Catalu\u00f1a.<br \/>El Patronato, en fecha 31 de diciembre de 2024, est\u00e1 integrado por las siguientes personas:<\/p><ul><li><strong>Presidente<\/strong>: Javier Ibars \u00c1lvaro (Fomento del Trabajo Nacional)<\/li><li><strong>Vicepresidenta<\/strong>: Cristina Torre L\u00f3pez (Comisi\u00f3n Obrera Nacional de Catalunya)<\/li><li><strong>Secretario<\/strong>: Josep Ginesta i Vicente (Peque\u00f1a y Mediana Empresa de Catalunya)<\/li><li><strong>Tesorero<\/strong>: Carlos de Pablo Torrecilla (Uni\u00f3n General de Trabajadores de Catalunya)<\/li><li><strong>Vocal<\/strong>: Jos\u00e9 Garc\u00eda Fern\u00e1ndez (Uni\u00f3n General de Trabajadores de Catalunya)<\/li><li><strong>Vocal<\/strong>: Silvia Mir\u00f3 Mart\u00ed (Peque\u00f1a y Mediana Empresa de Catalunya)<\/li><li><strong>Vocal<\/strong>: Y\u00e9sika Aguilar Granados (Fomento del Trabajo Nacional)<\/li><li><strong>Vocal<\/strong>: Francesc Montoro Brotons (Comisi\u00f3n Obrera Nacional de Catalunya)<\/li><\/ul>\t\t\t\t\t\t\t\t<\/div>\n\t\t\t\t<\/div>\n\t\t\t\t<div class=\"elementor-element elementor-element-da66cb6 elementor-widget elementor-widget-text-editor\" data-id=\"da66cb6\" data-element_type=\"widget\" data-e-type=\"widget\" data-widget_type=\"text-editor.default\">\n\t\t\t\t<div class=\"elementor-widget-container\">\n\t\t\t\t\t\t\t\t\t<h3>PLANTILLA<\/h3><p>La Fundaci\u00f3n Privada Tribunal Laboral de Catalu\u00f1a, en fecha 31 de diciembre de 2024, tiene en plantilla de siete trabajadores: un gerente, tres secretarios\/as de actas y tres administrativos\/as.<\/p>\t\t\t\t\t\t\t\t<\/div>\n\t\t\t\t<\/div>\n\t\t\t\t<div class=\"elementor-element elementor-element-b71cdd0 elementor-widget-divider--view-line elementor-widget elementor-widget-divider\" data-id=\"b71cdd0\" data-element_type=\"widget\" data-e-type=\"widget\" data-widget_type=\"divider.default\">\n\t\t\t\t<div class=\"elementor-widget-container\">\n\t\t\t\t\t\t\t<div class=\"elementor-divider\">\n\t\t\t<span class=\"elementor-divider-separator\">\n\t\t\t\t\t\t<\/span>\n\t\t<\/div>\n\t\t\t\t\t\t<\/div>\n\t\t\t\t<\/div>\n\t\t\t\t\t<\/div>\n\t\t<\/div>\n\t\t\t\t\t<\/div>\n\t\t<\/section>\n\t\t\t\t<section class=\"elementor-section elementor-top-section elementor-element elementor-element-9d21d19 elementor-section-boxed elementor-section-height-default elementor-section-height-default\" data-id=\"9d21d19\" data-element_type=\"section\" data-e-type=\"section\">\n\t\t\t\t\t\t<div class=\"elementor-container elementor-column-gap-default\">\n\t\t\t\t\t<div class=\"elementor-column elementor-col-100 elementor-top-column elementor-element elementor-element-2f7e492\" data-id=\"2f7e492\" data-element_type=\"column\" data-e-type=\"column\">\n\t\t\t<div class=\"elementor-widget-wrap elementor-element-populated\">\n\t\t\t\t\t\t<div class=\"elementor-element elementor-element-6267355 elementor-widget elementor-widget-text-editor\" data-id=\"6267355\" data-element_type=\"widget\" data-e-type=\"widget\" data-widget_type=\"text-editor.default\">\n\t\t\t\t<div class=\"elementor-widget-container\">\n\t\t\t\t\t\t\t\t\t<h2>Marco Jur\u00eddico<\/h2>\t\t\t\t\t\t\t\t<\/div>\n\t\t\t\t<\/div>\n\t\t\t\t<div class=\"elementor-element elementor-element-9ed858e elementor-widget-divider--view-line elementor-widget elementor-widget-divider\" data-id=\"9ed858e\" data-element_type=\"widget\" data-e-type=\"widget\" data-widget_type=\"divider.default\">\n\t\t\t\t<div class=\"elementor-widget-container\">\n\t\t\t\t\t\t\t<div class=\"elementor-divider\">\n\t\t\t<span class=\"elementor-divider-separator\">\n\t\t\t\t\t\t<\/span>\n\t\t<\/div>\n\t\t\t\t\t\t<\/div>\n\t\t\t\t<\/div>\n\t\t\t\t<div class=\"elementor-element elementor-element-a32c1f7 elementor-widget elementor-widget-text-editor\" data-id=\"a32c1f7\" data-element_type=\"widget\" data-e-type=\"widget\" data-widget_type=\"text-editor.default\">\n\t\t\t\t<div class=\"elementor-widget-container\">\n\t\t\t\t\t\t\t\t\t<h3>NORMATIVA APLICABLE<\/h3><p>a) Ley 5\/2001, de 2 de mayo, de fundaciones.<br \/>b) Ley 4\/2008, de 24 de abril del libro tercero del C\u00f3digo Civil de Catalu\u00f1a, relativo a las personas jur\u00eddicas.<br \/>c) Ley 16\/2008, de 23 de septiembre de medidas fiscales y financieras<\/p>\t\t\t\t\t\t\t\t<\/div>\n\t\t\t\t<\/div>\n\t\t\t\t<div class=\"elementor-element elementor-element-e480755 elementor-widget elementor-widget-text-editor\" data-id=\"e480755\" data-element_type=\"widget\" data-e-type=\"widget\" data-widget_type=\"text-editor.default\">\n\t\t\t\t<div class=\"elementor-widget-container\">\n\t\t\t\t\t\t\t\t\t<h3>ESTATUTOS<\/h3><p>a) <a href=\"\/wp-content\/uploads\/docs\/tlc\/portal-de-transparencia\/escriptura-de-constitucio.pdf\" target=\"_blank\" rel=\"noopener\">ESCRITURA DE CONSTITUCI\u00d3N DE LA FUNDACI\u00d3N<\/a><br \/>b) <a href=\"\/wp-content\/uploads\/docs\/tlc\/portal-de-transparencia\/escriptura-subsanacio.pdf\" target=\"_blank\" rel=\"noopener\">ESCRITURA DE SUBSANACI\u00d3N DE LA ESCRITURA DE CONSTITUCI\u00d3N DE LA FUNDACI\u00d3N<\/a><br \/>c) <a href=\"\/wp-content\/uploads\/docs\/tlc\/portal-de-transparencia\/registrefundacio.pdf\" target=\"_blank\" rel=\"noopener\">RESOLUCI\u00d3N DEL DEPARTAMENT DE JUSTICIA DE INSCRIPCI\u00d3N y CLASIFICACI\u00d3N DE LA FUNDACI\u00d3N PRIVADA TRIBUNAL LABORAL DE CATALUNYA<\/a><br \/>d<a href=\"https:\/\/www.tribulab.cat\/wp-content\/uploads\/docs\/tlc\/portal-de-transparencia\/NOTARI%20ESTATUTS%20FPTLC.pdf\">) ESTATUTOS DE LA FUNDACI\u00d3N<\/a><\/p>\t\t\t\t\t\t\t\t<\/div>\n\t\t\t\t<\/div>\n\t\t\t\t<div class=\"elementor-element elementor-element-d08f1d7 elementor-widget-divider--view-line elementor-widget elementor-widget-divider\" data-id=\"d08f1d7\" data-element_type=\"widget\" data-e-type=\"widget\" data-widget_type=\"divider.default\">\n\t\t\t\t<div class=\"elementor-widget-container\">\n\t\t\t\t\t\t\t<div class=\"elementor-divider\">\n\t\t\t<span class=\"elementor-divider-separator\">\n\t\t\t\t\t\t<\/span>\n\t\t<\/div>\n\t\t\t\t\t\t<\/div>\n\t\t\t\t<\/div>\n\t\t\t\t\t<\/div>\n\t\t<\/div>\n\t\t\t\t\t<\/div>\n\t\t<\/section>\n\t\t\t\t<section class=\"elementor-section elementor-top-section elementor-element elementor-element-9a12db6 elementor-section-boxed elementor-section-height-default elementor-section-height-default\" data-id=\"9a12db6\" data-element_type=\"section\" data-e-type=\"section\">\n\t\t\t\t\t\t<div class=\"elementor-container elementor-column-gap-default\">\n\t\t\t\t\t<div class=\"elementor-column elementor-col-100 elementor-top-column elementor-element elementor-element-a2fed5e\" data-id=\"a2fed5e\" data-element_type=\"column\" data-e-type=\"column\">\n\t\t\t<div class=\"elementor-widget-wrap elementor-element-populated\">\n\t\t\t\t\t\t<div class=\"elementor-element elementor-element-cf06a8c elementor-widget elementor-widget-text-editor\" data-id=\"cf06a8c\" data-element_type=\"widget\" data-e-type=\"widget\" data-widget_type=\"text-editor.default\">\n\t\t\t\t<div class=\"elementor-widget-container\">\n\t\t\t\t\t\t\t\t\t<h2>Informaci\u00f3n Econ\u00f3mica y Presupuestaria<\/h2>\t\t\t\t\t\t\t\t<\/div>\n\t\t\t\t<\/div>\n\t\t\t\t<div class=\"elementor-element elementor-element-1c64e0d elementor-widget-divider--view-line elementor-widget elementor-widget-divider\" data-id=\"1c64e0d\" data-element_type=\"widget\" data-e-type=\"widget\" data-widget_type=\"divider.default\">\n\t\t\t\t<div class=\"elementor-widget-container\">\n\t\t\t\t\t\t\t<div class=\"elementor-divider\">\n\t\t\t<span class=\"elementor-divider-separator\">\n\t\t\t\t\t\t<\/span>\n\t\t<\/div>\n\t\t\t\t\t\t<\/div>\n\t\t\t\t<\/div>\n\t\t\t\t<div class=\"elementor-element elementor-element-aa7a13d elementor-widget elementor-widget-text-editor\" data-id=\"aa7a13d\" data-element_type=\"widget\" data-e-type=\"widget\" data-widget_type=\"text-editor.default\">\n\t\t\t\t<div class=\"elementor-widget-container\">\n\t\t\t\t\t\t\t\t\t<h3>CONVENIOS<\/h3><p>a) <a href=\"\/wp-content\/uploads\/docs\/tlc\/portal-de-transparencia\/conveni-1992.pdf\" target=\"_blank\" rel=\"noopener\">CONVENIO DE COLABORACI\u00d3N ECON\u00d3MICA FIRMADO CON LA GENERALITAT DE CATALUNYA<\/a><br \/>b) <a href=\"\/wp-content\/uploads\/docs\/tlc\/portal-de-transparencia\/conveni-annex-2005.pdf\" target=\"_blank\" rel=\"noopener\">ANEXO AL MENCIONADO CONVENIO<\/a><br \/>c) <a href=\"\/wp-content\/uploads\/docs\/tlc\/portal-de-transparencia\/conveni-addenda-2009.pdf\" target=\"_blank\" rel=\"noopener\">ADENDA AL MENCIONADO CONVENIO<\/a><\/p>\t\t\t\t\t\t\t\t<\/div>\n\t\t\t\t<\/div>\n\t\t\t\t<div class=\"elementor-element elementor-element-7b8fc8e elementor-widget elementor-widget-text-editor\" data-id=\"7b8fc8e\" data-element_type=\"widget\" data-e-type=\"widget\" data-widget_type=\"text-editor.default\">\n\t\t\t\t<div class=\"elementor-widget-container\">\n\t\t\t\t\t\t\t\t\t<h3>SUBVENCIONES<\/h3><p><a href=\"\/wp-content\/uploads\/docs\/tlc\/portal-de-transparencia\/conveni_per_signar_conseller_signed.pdf\" target=\"_blank\" rel=\"noopener\">CONVENIO DE COLABORACI\u00d3N ENTRE EL DEPARTAMENT D&#8217;EMPRESA I TREBALL DE LA GENERALITAT DE CATALUNYA I LA FUNDACI\u00d3 PRIVADA TRIBUNAL LABORAL DE CATALUNYA 2022-2025<\/a><\/p><ul><li><strong>Nombre del proyecto:<\/strong> Fundaci\u00f3 Privada Tribunal Laboral de Catalunya<\/li><li><strong>Partes firmantes:<\/strong> Generalitat de Catalunya y Fundaci\u00f3 Privada Tribunal Laboral de Catalunya<\/li><li><strong>Objeto:<\/strong> Cubrir los gastos ordinarios y de funcionamiento del Tribunal Laboral de Catalunya correspondientes a los a\u00f1os 2022-2025<\/li><li><strong>Duraci\u00f3n:<\/strong> Desde el 1 de enero de 2022 al 31 diciembre de 2025<br \/>Importe 3.550.000 \u20ac<\/li><li><strong>Aportaciones de les partes sobre presupuesto aprobado:<\/strong> 100% Generalitat de Catalunya<\/li><\/ul><div><a href=\"https:\/\/www.tribulab.cat\/wp-content\/uploads\/docs\/tlc\/portal-de-transparencia\/Addenda_modificacio_conveni_pagament_signed_CA.pdf\">ADENDA CONVENIO MODIFICACI\u00d3N PAGO<\/a><\/div><div>\u00a0<\/div><div><a href=\"https:\/\/www.tribulab.cat\/wp-content\/uploads\/docs\/tlc\/portal-de-transparencia\/Addenda%20conveni%20TLC%202023.pdf\">ADENDA APORTACI\u00d3N 2023<\/a><\/div>\t\t\t\t\t\t\t\t<\/div>\n\t\t\t\t<\/div>\n\t\t\t\t<div class=\"elementor-element elementor-element-aa1d0ea elementor-widget elementor-widget-text-editor\" data-id=\"aa1d0ea\" data-element_type=\"widget\" data-e-type=\"widget\" data-widget_type=\"text-editor.default\">\n\t\t\t\t<div class=\"elementor-widget-container\">\n\t\t\t\t\t\t\t\t\t<h3>PRESUPUESTOS, DOCUMENTACI\u00d3N CONTABLE Y AUDITOR\u00cdAS<\/h3><p><a href=\"https:\/\/www.tribulab.cat\/wp-content\/uploads\/docs\/tlc\/portal-de-transparencia\/PRESSUPOSTOS%2022-25.pdf\">PRESUPUESTO CORRESPONDIENTE A LOS A\u00d1OS 2022-2025<\/a><br \/><a href=\"https:\/\/www.tribulab.cat\/wp-content\/uploads\/docs\/tlc\/portal-de-transparencia\/INFORMEAUDITORIA2023FUNDACIOPRIVADATRIBUNAL.pdf\" target=\"_blank\" rel=\"noopener\">DOCUMENTACI\u00d3N CONTABLE E INFORME DE AUDITORIA CORRESPONDIENTES AL A\u00d1O 2023<\/a><br \/><a href=\"https:\/\/www.tribulab.cat\/wp-content\/uploads\/docs\/tlc\/portal-de-transparencia\/IPATLC2023.pdf\" target=\"_blank\" rel=\"noopener\">INFORME ESPECIAL AUDITORIA: REVISI\u00d3 COMPTE JUSTIFICATIU DE LA SUBVENCI\u00d3 2023<\/a><\/p>\t\t\t\t\t\t\t\t<\/div>\n\t\t\t\t<\/div>\n\t\t\t\t<div class=\"elementor-element elementor-element-d60b47a elementor-widget elementor-widget-text-editor\" data-id=\"d60b47a\" data-element_type=\"widget\" data-e-type=\"widget\" data-widget_type=\"text-editor.default\">\n\t\t\t\t<div class=\"elementor-widget-container\">\n\t\t\t\t\t\t\t\t\t<h3>RETRIBUCIONES<\/h3><p>Tal como se establece en el art\u00edculo 21 de los Estatutos de la Fundaci\u00f3n Privada Tribunal Laboral de Catalu\u00f1a, los patrones ejercen el cargo gratuitamente, sin perjuicio del derecho a ser reembolsados \u200b\u200bde los gastos debidamente justificados ya la indemnizaci\u00f3n por los da\u00f1os que les ocasione el desarrollo de las funciones propias del cargo.<\/p>\t\t\t\t\t\t\t\t<\/div>\n\t\t\t\t<\/div>\n\t\t\t\t\t<\/div>\n\t\t<\/div>\n\t\t\t\t\t<\/div>\n\t\t<\/section>\n\t\t\t\t<\/div>\n\t\t","protected":false},"excerpt":{"rendered":"<p>Introducci\u00f3n La entrada en vigor de la Ley 19\/2013 y de la Ley 19\/2014, ambas de transparencia, acceso a la informaci\u00f3n y buen gobierno, requiere el cumplimiento de la obligaci\u00f3n de publicidad activa, que busca anticiparse a las necesidades y exigencias de informaci\u00f3n de la opini\u00f3n p\u00fablica. Para facilitar el acceso del p\u00fablico en general&hellip;<\/p>\n","protected":false},"author":2,"featured_media":17263,"parent":0,"menu_order":0,"comment_status":"closed","ping_status":"closed","template":"","meta":{"footnotes":""},"class_list":["post-18962","page","type-page","status-publish","has-post-thumbnail","hentry"],"_links":{"self":[{"href":"https:\/\/www.tribulab.cat\/es\/wp-json\/wp\/v2\/pages\/18962","targetHints":{"allow":["GET"]}}],"collection":[{"href":"https:\/\/www.tribulab.cat\/es\/wp-json\/wp\/v2\/pages"}],"about":[{"href":"https:\/\/www.tribulab.cat\/es\/wp-json\/wp\/v2\/types\/page"}],"author":[{"embeddable":true,"href":"https:\/\/www.tribulab.cat\/es\/wp-json\/wp\/v2\/users\/2"}],"replies":[{"embeddable":true,"href":"https:\/\/www.tribulab.cat\/es\/wp-json\/wp\/v2\/comments?post=18962"}],"version-history":[{"count":0,"href":"https:\/\/www.tribulab.cat\/es\/wp-json\/wp\/v2\/pages\/18962\/revisions"}],"wp:featuredmedia":[{"embeddable":true,"href":"https:\/\/www.tribulab.cat\/es\/wp-json\/wp\/v2\/media\/17263"}],"wp:attachment":[{"href":"https:\/\/www.tribulab.cat\/es\/wp-json\/wp\/v2\/media?parent=18962"}],"curies":[{"name":"wp","href":"https:\/\/api.w.org\/{rel}","templated":true}]}}