{"id":18650,"date":"2022-01-05T12:24:30","date_gmt":"2022-01-05T11:24:30","guid":{"rendered":"https:\/\/stlc.local\/?page_id=18650"},"modified":"2025-10-10T14:31:00","modified_gmt":"2025-10-10T12:31:00","slug":"seguridad-y-salud-laboral","status":"publish","type":"page","link":"https:\/\/www.tribulab.cat\/es\/comisiones-tecnicas-del-tlc\/seguridad-y-salud-laboral\/","title":{"rendered":"Seguridad y Salud Laboral"},"content":{"rendered":"\t\t<div data-elementor-type=\"wp-page\" data-elementor-id=\"18650\" class=\"elementor elementor-18650 elementor-16333\" data-elementor-post-type=\"page\">\n\t\t\t\t\t\t<section class=\"elementor-section elementor-top-section elementor-element elementor-element-6aadf85 elementor-section-stretched elementor-section-boxed elementor-section-height-default elementor-section-height-default\" data-id=\"6aadf85\" data-element_type=\"section\" data-e-type=\"section\" data-settings=\"{&quot;stretch_section&quot;:&quot;section-stretched&quot;}\">\n\t\t\t\t\t\t<div class=\"elementor-container elementor-column-gap-default\">\n\t\t\t\t\t<div class=\"elementor-column elementor-col-100 elementor-top-column elementor-element elementor-element-31c9bd1\" data-id=\"31c9bd1\" data-element_type=\"column\" data-e-type=\"column\">\n\t\t\t<div class=\"elementor-widget-wrap elementor-element-populated\">\n\t\t\t\t\t\t<div class=\"elementor-element elementor-element-a1253d0 elementor-widget elementor-widget-shortcode\" data-id=\"a1253d0\" data-element_type=\"widget\" data-e-type=\"widget\" data-widget_type=\"shortcode.default\">\n\t\t\t\t<div class=\"elementor-widget-container\">\n\t\t\t\t\t\t\t<div class=\"elementor-shortcode\">\t\t<div data-elementor-type=\"section\" data-elementor-id=\"14915\" class=\"elementor elementor-14915\" data-elementor-post-type=\"elementor_library\">\n\t\t\t\t\t<section class=\"elementor-section elementor-top-section elementor-element elementor-element-3f41daaa elementor-section-full_width elementor-section-stretched elementor-section-height-default elementor-section-height-default elementor-invisible\" data-id=\"3f41daaa\" data-element_type=\"section\" data-e-type=\"section\" data-settings=\"{&quot;stretch_section&quot;:&quot;section-stretched&quot;,&quot;animation&quot;:&quot;fadeIn&quot;,&quot;animation_delay&quot;:150}\">\n\t\t\t\t\t\t<div class=\"elementor-container elementor-column-gap-no\">\n\t\t\t\t\t<div class=\"elementor-column elementor-col-100 elementor-top-column elementor-element elementor-element-4bbb8188 col-header-background-container\" data-id=\"4bbb8188\" data-element_type=\"column\" data-e-type=\"column\" data-settings=\"{&quot;background_background&quot;:&quot;classic&quot;,&quot;background_motion_fx_motion_fx_scrolling&quot;:&quot;yes&quot;,&quot;background_motion_fx_translateY_effect&quot;:&quot;yes&quot;,&quot;background_motion_fx_translateY_direction&quot;:&quot;negative&quot;,&quot;background_motion_fx_translateY_speed&quot;:{&quot;unit&quot;:&quot;px&quot;,&quot;size&quot;:7,&quot;sizes&quot;:[]},&quot;background_motion_fx_devices&quot;:[&quot;desktop&quot;,&quot;tablet&quot;],&quot;background_motion_fx_translateY_affectedRange&quot;:{&quot;unit&quot;:&quot;%&quot;,&quot;size&quot;:&quot;&quot;,&quot;sizes&quot;:{&quot;start&quot;:0,&quot;end&quot;:100}}}\">\n\t\t\t<div class=\"elementor-widget-wrap elementor-element-populated\">\n\t\t\t\t\t<div class=\"elementor-background-overlay\"><\/div>\n\t\t\t\t\t\t<div class=\"elementor-element elementor-element-137ec605 elementor-widget elementor-widget-spacer\" data-id=\"137ec605\" data-element_type=\"widget\" data-e-type=\"widget\" data-widget_type=\"spacer.default\">\n\t\t\t\t<div class=\"elementor-widget-container\">\n\t\t\t\t\t\t\t<div class=\"elementor-spacer\">\n\t\t\t<div class=\"elementor-spacer-inner\"><\/div>\n\t\t<\/div>\n\t\t\t\t\t\t<\/div>\n\t\t\t\t<\/div>\n\t\t\t\t\t<\/div>\n\t\t<\/div>\n\t\t\t\t\t<\/div>\n\t\t<\/section>\n\t\t\t\t<section class=\"elementor-section elementor-top-section elementor-element elementor-element-742d26f elementor-section-stretched elementor-section-boxed elementor-section-height-default elementor-section-height-default\" data-id=\"742d26f\" data-element_type=\"section\" data-e-type=\"section\" data-settings=\"{&quot;stretch_section&quot;:&quot;section-stretched&quot;,&quot;background_background&quot;:&quot;classic&quot;}\">\n\t\t\t\t\t\t<div class=\"elementor-container elementor-column-gap-default\">\n\t\t\t\t\t<div class=\"elementor-column elementor-col-100 elementor-top-column elementor-element elementor-element-04cf841\" data-id=\"04cf841\" data-element_type=\"column\" data-e-type=\"column\">\n\t\t\t<div class=\"elementor-widget-wrap elementor-element-populated\">\n\t\t\t\t\t\t<div class=\"elementor-element elementor-element-fa6d74a elementor-widget elementor-widget-heading\" data-id=\"fa6d74a\" data-element_type=\"widget\" data-e-type=\"widget\" data-widget_type=\"heading.default\">\n\t\t\t\t<div class=\"elementor-widget-container\">\n\t\t\t\t\t<h1 class=\"elementor-heading-title elementor-size-default\">Seguridad y Salud Laboral<\/h1>\t\t\t\t<\/div>\n\t\t\t\t<\/div>\n\t\t\t\t\t<\/div>\n\t\t<\/div>\n\t\t\t\t\t<\/div>\n\t\t<\/section>\n\t\t\t\t<\/div>\n\t\t<\/div>\n\t\t\t\t\t\t<\/div>\n\t\t\t\t<\/div>\n\t\t\t\t\t<\/div>\n\t\t<\/div>\n\t\t\t\t\t<\/div>\n\t\t<\/section>\n\t\t\t\t<section class=\"elementor-section elementor-top-section elementor-element elementor-element-16cd7b4 elementor-section-boxed elementor-section-height-default elementor-section-height-default\" data-id=\"16cd7b4\" data-element_type=\"section\" data-e-type=\"section\">\n\t\t\t\t\t\t<div class=\"elementor-container elementor-column-gap-default\">\n\t\t\t\t\t<div class=\"elementor-column elementor-col-100 elementor-top-column elementor-element elementor-element-496fd42\" data-id=\"496fd42\" data-element_type=\"column\" data-e-type=\"column\">\n\t\t\t<div class=\"elementor-widget-wrap elementor-element-populated\">\n\t\t\t\t\t\t<div class=\"elementor-element elementor-element-9bb666e elementor-widget elementor-widget-text-editor\" data-id=\"9bb666e\" data-element_type=\"widget\" data-e-type=\"widget\" data-widget_type=\"text-editor.default\">\n\t\t\t\t<div class=\"elementor-widget-container\">\n\t\t\t\t\t\t\t\t\t<h2>Comisi\u00f3n T\u00e9cnica de Seguridad y Salud Laboral<\/h2>\t\t\t\t\t\t\t\t<\/div>\n\t\t\t\t<\/div>\n\t\t\t\t<div class=\"elementor-element elementor-element-628efb3 elementor-widget-divider--view-line elementor-widget elementor-widget-divider\" data-id=\"628efb3\" data-element_type=\"widget\" data-e-type=\"widget\" data-widget_type=\"divider.default\">\n\t\t\t\t<div class=\"elementor-widget-container\">\n\t\t\t\t\t\t\t<div class=\"elementor-divider\">\n\t\t\t<span class=\"elementor-divider-separator\">\n\t\t\t\t\t\t<\/span>\n\t\t<\/div>\n\t\t\t\t\t\t<\/div>\n\t\t\t\t<\/div>\n\t\t\t\t<div class=\"elementor-element elementor-element-1699ea3 elementor-widget elementor-widget-text-editor\" data-id=\"1699ea3\" data-element_type=\"widget\" data-e-type=\"widget\" data-widget_type=\"text-editor.default\">\n\t\t\t\t<div class=\"elementor-widget-container\">\n\t\t\t\t\t\t\t\t\t<p>An\u00e1lisis y estudio en aspectos relacionados con la seguridad y salud en el trabajo y la prevenci\u00f3n de riesgos laborales de una empresa, grupo de empresas o empresas de un sector determinado, en los siguientes temas:<\/p><ul><li><div>a) Los derechos y deberes de los\/las\u00a0 trabajadores\/as.<\/div><\/li><li><div>b) Los derechos y deberes de los\/las representantes de los\/las trabajadores\/as.<\/div><\/li><li><div>c) Los derechos y obligaciones de las empresas.<\/div><\/li><li><div>d) Las funciones del Servicio de Prevenci\u00f3n.<\/div><\/li><li><div>e) Competencias y facultades del Comit\u00e9 de Seguridad y Salud.<\/div><\/li><li><div>f) Criterios a aplicar en las medidas establecidas por los Servicios de Prevenci\u00f3n.<\/div><\/li><li><div>g) An\u00e1lisis y dictamen sobre Planes de Prevenci\u00f3n.<\/div><\/li><li><div>h) Y aquellos supuestos que se determinen por el Tribunal Laboral de Catalunya y sean compatibles legalmente con las competencias de la presente Comisi\u00f3n.<\/div><\/li><\/ul><p>Las actuaciones que quedan excluidas de la intervenci\u00f3n del Tribunal Laboral de Catalunya, y por tanto del conocimiento, an\u00e1lisis y dictamen de la presente Comisi\u00f3n en materia de seguridad y salud son:<\/p><ul><li><div>Aquellas en las que ya est\u00e9 actuando, o bien haya actuado, la Inspecci\u00f3n de Trabajo; cualquier Administraci\u00f3n P\u00fablica con potestad sancionadora en seguridad y salud en el trabajo, o bien se encuentren en\u00a0 v\u00eda judicial.<\/div><\/li><li><div>Las que signifiquen la realizaci\u00f3n material de planes de prevenci\u00f3n o an\u00e1logos.<\/div><\/li><\/ul>\t\t\t\t\t\t\t\t<\/div>\n\t\t\t\t<\/div>\n\t\t\t\t<div class=\"elementor-element elementor-element-2caeaf6 elementor-widget-divider--view-line elementor-widget elementor-widget-divider\" data-id=\"2caeaf6\" data-element_type=\"widget\" data-e-type=\"widget\" data-widget_type=\"divider.default\">\n\t\t\t\t<div class=\"elementor-widget-container\">\n\t\t\t\t\t\t\t<div class=\"elementor-divider\">\n\t\t\t<span class=\"elementor-divider-separator\">\n\t\t\t\t\t\t<\/span>\n\t\t<\/div>\n\t\t\t\t\t\t<\/div>\n\t\t\t\t<\/div>\n\t\t\t\t\t<\/div>\n\t\t<\/div>\n\t\t\t\t\t<\/div>\n\t\t<\/section>\n\t\t\t\t<section class=\"elementor-section elementor-top-section elementor-element elementor-element-3ba5b52 elementor-section-boxed elementor-section-height-default elementor-section-height-default\" data-id=\"3ba5b52\" data-element_type=\"section\" data-e-type=\"section\">\n\t\t\t\t\t\t<div class=\"elementor-container elementor-column-gap-default\">\n\t\t\t\t\t<div class=\"elementor-column elementor-col-100 elementor-top-column elementor-element elementor-element-b6d8ce6\" data-id=\"b6d8ce6\" data-element_type=\"column\" data-e-type=\"column\">\n\t\t\t<div class=\"elementor-widget-wrap elementor-element-populated\">\n\t\t\t\t\t\t<div class=\"elementor-element elementor-element-0c32936 elementor-widget elementor-widget-text-editor\" data-id=\"0c32936\" data-element_type=\"widget\" data-e-type=\"widget\" data-widget_type=\"text-editor.default\">\n\t\t\t\t<div class=\"elementor-widget-container\">\n\t\t\t\t\t\t\t\t\t<h2>Miembros de la Comisi\u00f3n T\u00e9cnica de Seguridad y Salud Laboral<\/h2>\t\t\t\t\t\t\t\t<\/div>\n\t\t\t\t<\/div>\n\t\t\t\t<div class=\"elementor-element elementor-element-4ccd889 elementor-widget-divider--view-line elementor-widget elementor-widget-divider\" data-id=\"4ccd889\" data-element_type=\"widget\" data-e-type=\"widget\" data-widget_type=\"divider.default\">\n\t\t\t\t<div class=\"elementor-widget-container\">\n\t\t\t\t\t\t\t<div class=\"elementor-divider\">\n\t\t\t<span class=\"elementor-divider-separator\">\n\t\t\t\t\t\t<\/span>\n\t\t<\/div>\n\t\t\t\t\t\t<\/div>\n\t\t\t\t<\/div>\n\t\t\t\t<div class=\"elementor-element elementor-element-34611d9 tlc-content elementor-widget elementor-widget-text-editor\" data-id=\"34611d9\" data-element_type=\"widget\" data-e-type=\"widget\" data-widget_type=\"text-editor.default\">\n\t\t\t\t<div class=\"elementor-widget-container\">\n\t\t\t\t\t\t\t\t\t<ul>\n<li>Casas Lozano, Francisco<\/li>\n<li>Casta\u00f1o \u00c1lvarez, Roberto<\/li><li>Castro Mart\u00ednez, Vanessa<\/li>\n<li>G\u00f3mez L\u00f3pez, Yolanda<\/li>\n<li>Guasch Farr\u00e1s, Joan<\/li>\n<li>Juan Gonz\u00e1lez, Marta<\/li>\n<li>L\u00e1zara Rivero, Miguel<\/li>\n<li>Muniesa Brito, Ram\u00f3n<\/li>\n<li>Palomo Gutierrez, Miquel \u00c1ngel<\/li>\n<li>P\u00e9rez Espona, Carlos<\/li>\n<li>Romero Mir\u00f3n, Alejandro<\/li>\n<li>Salvador Peracaula, Eduard<\/li>\n<li>S\u00e1nchez Hern\u00e1ndez, Cesar<\/li>\n<li>Sanz Gallen, Pedro Ramon<\/li>\n<li>Torres Abal, Jos\u00e9 Luis<\/li>\n<li>Trigueros Gil, Felipe<\/li>\n<\/ul>\t\t\t\t\t\t\t\t<\/div>\n\t\t\t\t<\/div>\n\t\t\t\t\t<\/div>\n\t\t<\/div>\n\t\t\t\t\t<\/div>\n\t\t<\/section>\n\t\t\t\t<\/div>\n\t\t","protected":false},"excerpt":{"rendered":"<p>Comisi\u00f3n T\u00e9cnica de Seguridad y Salud Laboral An\u00e1lisis y estudio en aspectos relacionados con la seguridad y salud en el trabajo y la prevenci\u00f3n de riesgos laborales de una empresa, grupo de empresas o empresas de un sector determinado, en los siguientes temas: a) Los derechos y deberes de los\/las\u00a0 trabajadores\/as. b) Los derechos y&hellip;<\/p>\n","protected":false},"author":2,"featured_media":16284,"parent":18629,"menu_order":0,"comment_status":"closed","ping_status":"closed","template":"","meta":{"footnotes":""},"class_list":["post-18650","page","type-page","status-publish","has-post-thumbnail","hentry"],"_links":{"self":[{"href":"https:\/\/www.tribulab.cat\/es\/wp-json\/wp\/v2\/pages\/18650","targetHints":{"allow":["GET"]}}],"collection":[{"href":"https:\/\/www.tribulab.cat\/es\/wp-json\/wp\/v2\/pages"}],"about":[{"href":"https:\/\/www.tribulab.cat\/es\/wp-json\/wp\/v2\/types\/page"}],"author":[{"embeddable":true,"href":"https:\/\/www.tribulab.cat\/es\/wp-json\/wp\/v2\/users\/2"}],"replies":[{"embeddable":true,"href":"https:\/\/www.tribulab.cat\/es\/wp-json\/wp\/v2\/comments?post=18650"}],"version-history":[{"count":0,"href":"https:\/\/www.tribulab.cat\/es\/wp-json\/wp\/v2\/pages\/18650\/revisions"}],"up":[{"embeddable":true,"href":"https:\/\/www.tribulab.cat\/es\/wp-json\/wp\/v2\/pages\/18629"}],"wp:featuredmedia":[{"embeddable":true,"href":"https:\/\/www.tribulab.cat\/es\/wp-json\/wp\/v2\/media\/16284"}],"wp:attachment":[{"href":"https:\/\/www.tribulab.cat\/es\/wp-json\/wp\/v2\/media?parent=18650"}],"curies":[{"name":"wp","href":"https:\/\/api.w.org\/{rel}","templated":true}]}}