{"id":18566,"date":"2022-01-05T11:41:02","date_gmt":"2022-01-05T10:41:02","guid":{"rendered":"https:\/\/stlc.local\/?page_id=18566"},"modified":"2025-10-07T13:59:10","modified_gmt":"2025-10-07T11:59:10","slug":"ttc-comision-de-mediacion","status":"publish","type":"page","link":"https:\/\/www.tribulab.cat\/es\/miembros-del-tlc\/ttc-comision-de-mediacion\/","title":{"rendered":"TRIBUNAL TRADE DE CATALUNYA &#8211; COMISI\u00d3N DE MEDIACI\u00d3N"},"content":{"rendered":"\t\t<div data-elementor-type=\"wp-page\" data-elementor-id=\"18566\" class=\"elementor elementor-18566 elementor-16266\" data-elementor-post-type=\"page\">\n\t\t\t\t\t\t<section class=\"elementor-section elementor-top-section elementor-element elementor-element-a1f7906 elementor-section-stretched elementor-section-boxed elementor-section-height-default elementor-section-height-default\" data-id=\"a1f7906\" data-element_type=\"section\" data-e-type=\"section\" data-settings=\"{&quot;stretch_section&quot;:&quot;section-stretched&quot;}\">\n\t\t\t\t\t\t<div class=\"elementor-container elementor-column-gap-default\">\n\t\t\t\t\t<div class=\"elementor-column elementor-col-100 elementor-top-column elementor-element elementor-element-6739f85\" data-id=\"6739f85\" data-element_type=\"column\" data-e-type=\"column\">\n\t\t\t<div class=\"elementor-widget-wrap elementor-element-populated\">\n\t\t\t\t\t\t<div class=\"elementor-element elementor-element-bac9f37 elementor-widget elementor-widget-shortcode\" data-id=\"bac9f37\" data-element_type=\"widget\" data-e-type=\"widget\" data-widget_type=\"shortcode.default\">\n\t\t\t\t<div class=\"elementor-widget-container\">\n\t\t\t\t\t\t\t<div class=\"elementor-shortcode\">\t\t<div data-elementor-type=\"section\" data-elementor-id=\"14915\" class=\"elementor elementor-14915\" data-elementor-post-type=\"elementor_library\">\n\t\t\t\t\t<section class=\"elementor-section elementor-top-section elementor-element elementor-element-3f41daaa elementor-section-full_width elementor-section-stretched elementor-section-height-default elementor-section-height-default elementor-invisible\" data-id=\"3f41daaa\" data-element_type=\"section\" data-e-type=\"section\" data-settings=\"{&quot;stretch_section&quot;:&quot;section-stretched&quot;,&quot;animation&quot;:&quot;fadeIn&quot;,&quot;animation_delay&quot;:150}\">\n\t\t\t\t\t\t<div class=\"elementor-container elementor-column-gap-no\">\n\t\t\t\t\t<div class=\"elementor-column elementor-col-100 elementor-top-column elementor-element elementor-element-4bbb8188 col-header-background-container\" data-id=\"4bbb8188\" data-element_type=\"column\" data-e-type=\"column\" data-settings=\"{&quot;background_background&quot;:&quot;classic&quot;,&quot;background_motion_fx_motion_fx_scrolling&quot;:&quot;yes&quot;,&quot;background_motion_fx_translateY_effect&quot;:&quot;yes&quot;,&quot;background_motion_fx_translateY_direction&quot;:&quot;negative&quot;,&quot;background_motion_fx_translateY_speed&quot;:{&quot;unit&quot;:&quot;px&quot;,&quot;size&quot;:7,&quot;sizes&quot;:[]},&quot;background_motion_fx_devices&quot;:[&quot;desktop&quot;,&quot;tablet&quot;],&quot;background_motion_fx_translateY_affectedRange&quot;:{&quot;unit&quot;:&quot;%&quot;,&quot;size&quot;:&quot;&quot;,&quot;sizes&quot;:{&quot;start&quot;:0,&quot;end&quot;:100}}}\">\n\t\t\t<div class=\"elementor-widget-wrap elementor-element-populated\">\n\t\t\t\t\t<div class=\"elementor-background-overlay\"><\/div>\n\t\t\t\t\t\t<div class=\"elementor-element elementor-element-137ec605 elementor-widget elementor-widget-spacer\" data-id=\"137ec605\" data-element_type=\"widget\" data-e-type=\"widget\" data-widget_type=\"spacer.default\">\n\t\t\t\t<div class=\"elementor-widget-container\">\n\t\t\t\t\t\t\t<div class=\"elementor-spacer\">\n\t\t\t<div class=\"elementor-spacer-inner\"><\/div>\n\t\t<\/div>\n\t\t\t\t\t\t<\/div>\n\t\t\t\t<\/div>\n\t\t\t\t\t<\/div>\n\t\t<\/div>\n\t\t\t\t\t<\/div>\n\t\t<\/section>\n\t\t\t\t<section class=\"elementor-section elementor-top-section elementor-element elementor-element-742d26f elementor-section-stretched elementor-section-boxed elementor-section-height-default elementor-section-height-default\" data-id=\"742d26f\" data-element_type=\"section\" data-e-type=\"section\" data-settings=\"{&quot;stretch_section&quot;:&quot;section-stretched&quot;,&quot;background_background&quot;:&quot;classic&quot;}\">\n\t\t\t\t\t\t<div class=\"elementor-container elementor-column-gap-default\">\n\t\t\t\t\t<div class=\"elementor-column elementor-col-100 elementor-top-column elementor-element elementor-element-04cf841\" data-id=\"04cf841\" data-element_type=\"column\" data-e-type=\"column\">\n\t\t\t<div class=\"elementor-widget-wrap elementor-element-populated\">\n\t\t\t\t\t\t<div class=\"elementor-element elementor-element-fa6d74a elementor-widget elementor-widget-heading\" data-id=\"fa6d74a\" data-element_type=\"widget\" data-e-type=\"widget\" data-widget_type=\"heading.default\">\n\t\t\t\t<div class=\"elementor-widget-container\">\n\t\t\t\t\t<h1 class=\"elementor-heading-title elementor-size-default\">TRIBUNAL TRADE DE CATALUNYA &#8211; COMISI\u00d3N DE MEDIACI\u00d3N<\/h1>\t\t\t\t<\/div>\n\t\t\t\t<\/div>\n\t\t\t\t\t<\/div>\n\t\t<\/div>\n\t\t\t\t\t<\/div>\n\t\t<\/section>\n\t\t\t\t<\/div>\n\t\t<\/div>\n\t\t\t\t\t\t<\/div>\n\t\t\t\t<\/div>\n\t\t\t\t\t<\/div>\n\t\t<\/div>\n\t\t\t\t\t<\/div>\n\t\t<\/section>\n\t\t\t\t<section class=\"elementor-section elementor-top-section elementor-element elementor-element-88f7258 elementor-section-boxed elementor-section-height-default elementor-section-height-default\" data-id=\"88f7258\" data-element_type=\"section\" data-e-type=\"section\">\n\t\t\t\t\t\t<div class=\"elementor-container elementor-column-gap-default\">\n\t\t\t\t\t<div class=\"elementor-column elementor-col-100 elementor-top-column elementor-element elementor-element-1f821c0\" data-id=\"1f821c0\" data-element_type=\"column\" data-e-type=\"column\">\n\t\t\t<div class=\"elementor-widget-wrap elementor-element-populated\">\n\t\t\t\t\t\t<div class=\"elementor-element elementor-element-f0bf0b2 elementor-tabs-view-vertical tab-tlc-members elementor-widget elementor-widget-tabs\" data-id=\"f0bf0b2\" data-element_type=\"widget\" data-e-type=\"widget\" data-widget_type=\"tabs.default\">\n\t\t\t\t<div class=\"elementor-widget-container\">\n\t\t\t\t\t\t\t<div class=\"elementor-tabs\">\n\t\t\t<div class=\"elementor-tabs-wrapper\" role=\"tablist\" >\n\t\t\t\t\t\t\t\t\t<div id=\"elementor-tab-title-2521\" class=\"elementor-tab-title elementor-tab-desktop-title\" aria-selected=\"true\" data-tab=\"1\" role=\"tab\" tabindex=\"0\" aria-controls=\"elementor-tab-content-2521\" aria-expanded=\"false\">FOMENTO DEL TRABAJO NACIONAL (FTN)<\/div>\n\t\t\t\t\t\t\t\t\t<div id=\"elementor-tab-title-2522\" class=\"elementor-tab-title elementor-tab-desktop-title\" aria-selected=\"false\" data-tab=\"2\" role=\"tab\" tabindex=\"-1\" aria-controls=\"elementor-tab-content-2522\" aria-expanded=\"false\">MICRO, PETITA I MITJANA EMPRESA DE CATALUNYA (PIMEC)<\/div>\n\t\t\t\t\t\t\t\t\t<div id=\"elementor-tab-title-2523\" class=\"elementor-tab-title elementor-tab-desktop-title\" aria-selected=\"false\" data-tab=\"3\" role=\"tab\" tabindex=\"-1\" aria-controls=\"elementor-tab-content-2523\" aria-expanded=\"false\">COMISIONES OBRERAS DE CATALUNYA (CCOO)<\/div>\n\t\t\t\t\t\t\t\t\t<div id=\"elementor-tab-title-2524\" class=\"elementor-tab-title elementor-tab-desktop-title\" aria-selected=\"false\" data-tab=\"4\" role=\"tab\" tabindex=\"-1\" aria-controls=\"elementor-tab-content-2524\" aria-expanded=\"false\">UNI\u00d3N GENERAL DE TRABAJADORES DE CATALUNYA (UGT)<\/div>\n\t\t\t\t\t\t\t\t\t<div id=\"elementor-tab-title-2525\" class=\"elementor-tab-title elementor-tab-desktop-title\" aria-selected=\"false\" data-tab=\"5\" role=\"tab\" tabindex=\"-1\" aria-controls=\"elementor-tab-content-2525\" aria-expanded=\"false\">UNI\u00d3 SINDICAL OBRERA DE CATALUNYA (USOC)<\/div>\n\t\t\t\t\t\t\t<\/div>\n\t\t\t<div class=\"elementor-tabs-content-wrapper\" role=\"tablist\" aria-orientation=\"vertical\">\n\t\t\t\t\t\t\t\t\t<div class=\"elementor-tab-title elementor-tab-mobile-title\" aria-selected=\"true\" data-tab=\"1\" role=\"tab\" tabindex=\"0\" aria-controls=\"elementor-tab-content-2521\" aria-expanded=\"false\">FOMENTO DEL TRABAJO NACIONAL (FTN)<\/div>\n\t\t\t\t\t<div id=\"elementor-tab-content-2521\" class=\"elementor-tab-content elementor-clearfix\" data-tab=\"1\" role=\"tabpanel\" aria-labelledby=\"elementor-tab-title-2521\" tabindex=\"0\" hidden=\"false\"><ol><li style=\"text-align: center;\">Montserrat Capdevila Valls<\/li><li style=\"text-align: center;\">Juan Jos\u00e9 Meca Saavedra<\/li><li style=\"text-align: center;\">Marisol Morales de Cano<\/li><li style=\"text-align: center;\">Jos\u00e9 Manuel Moya Castilla<\/li><li style=\"text-align: center;\">Miquel Porret Gelabert<\/li><li style=\"text-align: center;\">Susana Rodr\u00edguez Vilar<\/li><li style=\"text-align: center;\">Jos\u00e9 Lu\u00eds Salido Ban\u00fas<\/li><\/ol><\/div>\n\t\t\t\t\t\t\t\t\t<div class=\"elementor-tab-title elementor-tab-mobile-title\" aria-selected=\"false\" data-tab=\"2\" role=\"tab\" tabindex=\"-1\" aria-controls=\"elementor-tab-content-2522\" aria-expanded=\"false\">MICRO, PETITA I MITJANA EMPRESA DE CATALUNYA (PIMEC)<\/div>\n\t\t\t\t\t<div id=\"elementor-tab-content-2522\" class=\"elementor-tab-content elementor-clearfix\" data-tab=\"2\" role=\"tabpanel\" aria-labelledby=\"elementor-tab-title-2522\" tabindex=\"0\" hidden=\"hidden\"><ol>\n<li style=\"text-align: center;\">Alcaraz Adalid, Cristina Isabel<\/li>\n<li style=\"text-align: center;\">Almansa Barra, \u00c1ngel<\/li>\n<li style=\"text-align: center;\">Bay\u00f3n Cama, Alfredo<\/li>\n<li style=\"text-align: center;\">Ben\u00edtez Ru\u00edz, M. \u00c0ngels<\/li>\n<li style=\"text-align: center;\">Bertran Pozo, Marta<\/li>\n<li style=\"text-align: center;\">Bueno Sab\u00e9, Marc<\/li>\n<li style=\"text-align: center;\">Call\u00eds i Vilagut, Jana<\/li>\n<li style=\"text-align: center;\">Cantero Carrascosa, H\u00e9ctor<\/li>\n<li style=\"text-align: center;\">Carbon\u00e9s Andorr\u00e0, David<\/li>\n<li style=\"text-align: center;\">Cardellach Panad\u00e9s, Noem\u00ed<\/li>\n<li style=\"text-align: center;\">Carretero Quir\u00f3s, C\u00e1ndida<\/li>\n<li style=\"text-align: center;\">Corrales Esteve, Eduard<\/li>\n<li style=\"text-align: center;\">Cubero D\u00edaz, Daniel<\/li>\n<li style=\"text-align: center;\">De la Campa Alonso, Elena<\/li>\n<li style=\"text-align: center;\">Deu i Cano, Joan<\/li>\n<li style=\"text-align: center;\">Dom\u00ednguez Garc\u00eda, Juan Jos\u00e9<\/li>\n<li style=\"text-align: center;\">Dumont, Justine<\/li>\n<li style=\"text-align: center;\">Escamilla S\u00e1nchez, Laura<\/li>\n<li style=\"text-align: center;\">Ferran Vilardell, Francesc Xavier<\/li>\n<li style=\"text-align: center;\">Fornieles Sans, Miquel<\/li>\n<li style=\"text-align: center;\">Garc\u00eda Padilla, Paula<\/li>\n<li style=\"text-align: center;\">Garcia Teixidor, Carles<\/li>\n<li style=\"text-align: center;\">Geli Fabrega, Jesus<\/li>\n<li style=\"text-align: center;\">G\u00f3mez Vilella, Sira<\/li>\n<li style=\"text-align: center;\">Gonz\u00e1lez Ferreri, Joan Llu\u00eds<\/li>\n<li style=\"text-align: center;\">Gonz\u00e1lez i Roig, Vicen\u00e7<\/li>\n<li style=\"text-align: center;\">Guix\u00e9 Ors, Ariadna<\/li>\n<li style=\"text-align: center;\">Gumbert Jordan, Emma<\/li>\n<li style=\"text-align: center;\">Jaumandreu Ribas, Ignasi<\/li>\n<li style=\"text-align: center;\">Mart\u00edn Gabarro, Oscar<\/li>\n<li style=\"text-align: center;\">Mart\u00ednez del Hoyo Clemente, Antonio<\/li>\n<li style=\"text-align: center;\">Molina Garc\u00eda, Omar<\/li>\n<li style=\"text-align: center;\">Moreno Sol\u00e9, Albert<\/li>\n<li style=\"text-align: center;\">Mumbr\u00fa L\u00f3pez, Alda<\/li>\n<li style=\"text-align: center;\">Mu\u00f1oz Coll, Manel<\/li>\n<li style=\"text-align: center;\">Mutu Mutu, Marcus<\/li>\n<li style=\"text-align: center;\">Pag\u00e8s L\u00f3pez, Ariadna<\/li>\n<li style=\"text-align: center;\">Pag\u00e8s Vi\u00f1ets, Montserrat<\/li>\n<li style=\"text-align: center;\">Palatsi Belver, Francesc<\/li>\n<li style=\"text-align: center;\">Paredes Batalla, Patricia<\/li>\n<li style=\"text-align: center;\">Pareja Frade, Carlos<\/li>\n<li style=\"text-align: center;\">P\u00e9rez Jurado, Saray<\/li>\n<li style=\"text-align: center;\">Pons\u00e0 Serrano, Jordi<\/li>\n<li style=\"text-align: center;\">Presas i Bertran, Pau<\/li>\n<li style=\"text-align: center;\">Puig Garc\u00eda, Estefania<\/li>\n<li style=\"text-align: center;\">Puigmal Miranda, Paula<\/li>\n<li style=\"text-align: center;\">Rivas Izquierdo, Carolina<\/li>\n<li style=\"text-align: center;\">Romero Aragon\u00e9s, Mar\u00eda Jos\u00e9<\/li>\n<li style=\"text-align: center;\">Ruedas Retuerto, Itziar<\/li>\n<li style=\"text-align: center;\">Rull Molina, Juli\u00e1n<\/li>\n<li style=\"text-align: center;\">San Jos\u00e9 Gras, Llu\u00eds<\/li>\n<li style=\"text-align: center;\">Sim\u00f3 Angl\u00e9s, Josep Antoni<\/li><li style=\"text-align: center;\">Tirado Crespo, Manuel<\/li>\n<li style=\"text-align: center;\">Vargas Rueda, Alejandra<\/li>\n<li style=\"text-align: center;\">V\u00e1zquez Mayor, Cristina<\/li>\n<li style=\"text-align: center;\">Zambrano S\u00e1nchez, \u00c1mbar<\/li>\n<li style=\"text-align: center;\">Zarzosa G\u00fcell, Anna<\/li>\n<\/ol><\/div>\n\t\t\t\t\t\t\t\t\t<div class=\"elementor-tab-title elementor-tab-mobile-title\" aria-selected=\"false\" data-tab=\"3\" role=\"tab\" tabindex=\"-1\" aria-controls=\"elementor-tab-content-2523\" aria-expanded=\"false\">COMISIONES OBRERAS DE CATALUNYA (CCOO)<\/div>\n\t\t\t\t\t<div id=\"elementor-tab-content-2523\" class=\"elementor-tab-content elementor-clearfix\" data-tab=\"3\" role=\"tabpanel\" aria-labelledby=\"elementor-tab-title-2523\" tabindex=\"0\" hidden=\"hidden\"><ol><li style=\"text-align: center;\">Merc\u00e8 Haro Garc\u00eda<\/li><\/ol><\/div>\n\t\t\t\t\t\t\t\t\t<div class=\"elementor-tab-title elementor-tab-mobile-title\" aria-selected=\"false\" data-tab=\"4\" role=\"tab\" tabindex=\"-1\" aria-controls=\"elementor-tab-content-2524\" aria-expanded=\"false\">UNI\u00d3N GENERAL DE TRABAJADORES DE CATALUNYA (UGT)<\/div>\n\t\t\t\t\t<div id=\"elementor-tab-content-2524\" class=\"elementor-tab-content elementor-clearfix\" data-tab=\"4\" role=\"tabpanel\" aria-labelledby=\"elementor-tab-title-2524\" tabindex=\"0\" hidden=\"hidden\"><ol><li style=\"text-align: center;\">Vanessa L\u00f3pez Pocostales Ana<\/li><li style=\"text-align: center;\">Salvador Duarte Soto<\/li><\/ol><\/div>\n\t\t\t\t\t\t\t\t\t<div class=\"elementor-tab-title elementor-tab-mobile-title\" aria-selected=\"false\" data-tab=\"5\" role=\"tab\" tabindex=\"-1\" aria-controls=\"elementor-tab-content-2525\" aria-expanded=\"false\">UNI\u00d3 SINDICAL OBRERA DE CATALUNYA (USOC)<\/div>\n\t\t\t\t\t<div id=\"elementor-tab-content-2525\" class=\"elementor-tab-content elementor-clearfix\" data-tab=\"5\" role=\"tabpanel\" aria-labelledby=\"elementor-tab-title-2525\" tabindex=\"0\" hidden=\"hidden\"><ol><li style=\"text-align: center;\">Patricia Gonz\u00e1lez Garc\u00eda<\/li><li style=\"text-align: center;\">Juan Antonio L\u00f3pez Ruiz<\/li><\/ol><\/div>\n\t\t\t\t\t\t\t<\/div>\n\t\t<\/div>\n\t\t\t\t\t\t<\/div>\n\t\t\t\t<\/div>\n\t\t\t\t\t<\/div>\n\t\t<\/div>\n\t\t\t\t\t<\/div>\n\t\t<\/section>\n\t\t\t\t<\/div>\n\t\t","protected":false},"excerpt":{"rendered":"<p>FOMENTO DEL TRABAJO NACIONAL (FTN) MICRO, PETITA I MITJANA EMPRESA DE CATALUNYA (PIMEC) COMISIONES OBRERAS DE CATALUNYA (CCOO) UNI\u00d3N GENERAL DE TRABAJADORES DE CATALUNYA (UGT) UNI\u00d3 SINDICAL OBRERA DE CATALUNYA (USOC) FOMENTO DEL TRABAJO NACIONAL (FTN) Montserrat Capdevila Valls Juan Jos\u00e9 Meca Saavedra Marisol Morales de Cano Jos\u00e9 Manuel Moya Castilla Miquel Porret Gelabert Susana&hellip;<\/p>\n","protected":false},"author":2,"featured_media":16123,"parent":18497,"menu_order":0,"comment_status":"closed","ping_status":"closed","template":"","meta":{"footnotes":""},"class_list":["post-18566","page","type-page","status-publish","has-post-thumbnail","hentry"],"_links":{"self":[{"href":"https:\/\/www.tribulab.cat\/es\/wp-json\/wp\/v2\/pages\/18566","targetHints":{"allow":["GET"]}}],"collection":[{"href":"https:\/\/www.tribulab.cat\/es\/wp-json\/wp\/v2\/pages"}],"about":[{"href":"https:\/\/www.tribulab.cat\/es\/wp-json\/wp\/v2\/types\/page"}],"author":[{"embeddable":true,"href":"https:\/\/www.tribulab.cat\/es\/wp-json\/wp\/v2\/users\/2"}],"replies":[{"embeddable":true,"href":"https:\/\/www.tribulab.cat\/es\/wp-json\/wp\/v2\/comments?post=18566"}],"version-history":[{"count":0,"href":"https:\/\/www.tribulab.cat\/es\/wp-json\/wp\/v2\/pages\/18566\/revisions"}],"up":[{"embeddable":true,"href":"https:\/\/www.tribulab.cat\/es\/wp-json\/wp\/v2\/pages\/18497"}],"wp:featuredmedia":[{"embeddable":true,"href":"https:\/\/www.tribulab.cat\/es\/wp-json\/wp\/v2\/media\/16123"}],"wp:attachment":[{"href":"https:\/\/www.tribulab.cat\/es\/wp-json\/wp\/v2\/media?parent=18566"}],"curies":[{"name":"wp","href":"https:\/\/api.w.org\/{rel}","templated":true}]}}