{"id":18544,"date":"2022-01-05T11:27:09","date_gmt":"2022-01-05T10:27:09","guid":{"rendered":"https:\/\/stlc.local\/?page_id=18544"},"modified":"2024-03-07T12:31:59","modified_gmt":"2024-03-07T11:31:59","slug":"tlc-cuerpo-de-arbitros","status":"publish","type":"page","link":"https:\/\/www.tribulab.cat\/es\/miembros-del-tlc\/tlc-cuerpo-de-arbitros\/","title":{"rendered":"TRIBUNAL LABORAL DE CATALUNYA &#8211; CUERPO DE \u00c1RBITROS"},"content":{"rendered":"\t\t<div data-elementor-type=\"wp-page\" data-elementor-id=\"18544\" class=\"elementor elementor-18544 elementor-16239\" data-elementor-post-type=\"page\">\n\t\t\t\t\t\t<section class=\"elementor-section elementor-top-section elementor-element elementor-element-e55808f elementor-section-stretched elementor-section-boxed elementor-section-height-default elementor-section-height-default\" data-id=\"e55808f\" data-element_type=\"section\" data-e-type=\"section\" data-settings=\"{&quot;stretch_section&quot;:&quot;section-stretched&quot;}\">\n\t\t\t\t\t\t<div class=\"elementor-container elementor-column-gap-default\">\n\t\t\t\t\t<div class=\"elementor-column elementor-col-100 elementor-top-column elementor-element elementor-element-37adc2c\" data-id=\"37adc2c\" data-element_type=\"column\" data-e-type=\"column\">\n\t\t\t<div class=\"elementor-widget-wrap elementor-element-populated\">\n\t\t\t\t\t\t<div class=\"elementor-element elementor-element-d1daa7b elementor-widget elementor-widget-shortcode\" data-id=\"d1daa7b\" data-element_type=\"widget\" data-e-type=\"widget\" data-widget_type=\"shortcode.default\">\n\t\t\t\t<div class=\"elementor-widget-container\">\n\t\t\t\t\t\t\t<div class=\"elementor-shortcode\">\t\t<div data-elementor-type=\"section\" data-elementor-id=\"14915\" class=\"elementor elementor-14915\" data-elementor-post-type=\"elementor_library\">\n\t\t\t\t\t<section class=\"elementor-section elementor-top-section elementor-element elementor-element-3f41daaa elementor-section-full_width elementor-section-stretched elementor-section-height-default elementor-section-height-default elementor-invisible\" data-id=\"3f41daaa\" data-element_type=\"section\" data-e-type=\"section\" data-settings=\"{&quot;stretch_section&quot;:&quot;section-stretched&quot;,&quot;animation&quot;:&quot;fadeIn&quot;,&quot;animation_delay&quot;:150}\">\n\t\t\t\t\t\t<div class=\"elementor-container elementor-column-gap-no\">\n\t\t\t\t\t<div class=\"elementor-column elementor-col-100 elementor-top-column elementor-element elementor-element-4bbb8188 col-header-background-container\" data-id=\"4bbb8188\" data-element_type=\"column\" data-e-type=\"column\" data-settings=\"{&quot;background_background&quot;:&quot;classic&quot;,&quot;background_motion_fx_motion_fx_scrolling&quot;:&quot;yes&quot;,&quot;background_motion_fx_translateY_effect&quot;:&quot;yes&quot;,&quot;background_motion_fx_translateY_direction&quot;:&quot;negative&quot;,&quot;background_motion_fx_translateY_speed&quot;:{&quot;unit&quot;:&quot;px&quot;,&quot;size&quot;:7,&quot;sizes&quot;:[]},&quot;background_motion_fx_devices&quot;:[&quot;desktop&quot;,&quot;tablet&quot;],&quot;background_motion_fx_translateY_affectedRange&quot;:{&quot;unit&quot;:&quot;%&quot;,&quot;size&quot;:&quot;&quot;,&quot;sizes&quot;:{&quot;start&quot;:0,&quot;end&quot;:100}}}\">\n\t\t\t<div class=\"elementor-widget-wrap elementor-element-populated\">\n\t\t\t\t\t<div class=\"elementor-background-overlay\"><\/div>\n\t\t\t\t\t\t<div class=\"elementor-element elementor-element-137ec605 elementor-widget elementor-widget-spacer\" data-id=\"137ec605\" data-element_type=\"widget\" data-e-type=\"widget\" data-widget_type=\"spacer.default\">\n\t\t\t\t<div class=\"elementor-widget-container\">\n\t\t\t\t\t\t\t<div class=\"elementor-spacer\">\n\t\t\t<div class=\"elementor-spacer-inner\"><\/div>\n\t\t<\/div>\n\t\t\t\t\t\t<\/div>\n\t\t\t\t<\/div>\n\t\t\t\t\t<\/div>\n\t\t<\/div>\n\t\t\t\t\t<\/div>\n\t\t<\/section>\n\t\t\t\t<section class=\"elementor-section elementor-top-section elementor-element elementor-element-742d26f elementor-section-stretched elementor-section-boxed elementor-section-height-default elementor-section-height-default\" data-id=\"742d26f\" data-element_type=\"section\" data-e-type=\"section\" data-settings=\"{&quot;stretch_section&quot;:&quot;section-stretched&quot;,&quot;background_background&quot;:&quot;classic&quot;}\">\n\t\t\t\t\t\t<div class=\"elementor-container elementor-column-gap-default\">\n\t\t\t\t\t<div class=\"elementor-column elementor-col-100 elementor-top-column elementor-element elementor-element-04cf841\" data-id=\"04cf841\" data-element_type=\"column\" data-e-type=\"column\">\n\t\t\t<div class=\"elementor-widget-wrap elementor-element-populated\">\n\t\t\t\t\t\t<div class=\"elementor-element elementor-element-fa6d74a elementor-widget elementor-widget-heading\" data-id=\"fa6d74a\" data-element_type=\"widget\" data-e-type=\"widget\" data-widget_type=\"heading.default\">\n\t\t\t\t<div class=\"elementor-widget-container\">\n\t\t\t\t\t<h1 class=\"elementor-heading-title elementor-size-default\">TRIBUNAL LABORAL DE CATALUNYA &#8211; CUERPO DE \u00c1RBITROS<\/h1>\t\t\t\t<\/div>\n\t\t\t\t<\/div>\n\t\t\t\t\t<\/div>\n\t\t<\/div>\n\t\t\t\t\t<\/div>\n\t\t<\/section>\n\t\t\t\t<\/div>\n\t\t<\/div>\n\t\t\t\t\t\t<\/div>\n\t\t\t\t<\/div>\n\t\t\t\t\t<\/div>\n\t\t<\/div>\n\t\t\t\t\t<\/div>\n\t\t<\/section>\n\t\t\t\t<section class=\"elementor-section elementor-top-section elementor-element elementor-element-88f7258 elementor-section-boxed elementor-section-height-default elementor-section-height-default\" data-id=\"88f7258\" data-element_type=\"section\" data-e-type=\"section\">\n\t\t\t\t\t\t<div class=\"elementor-container elementor-column-gap-default\">\n\t\t\t\t\t<div class=\"elementor-column elementor-col-100 elementor-top-column elementor-element elementor-element-1f821c0\" data-id=\"1f821c0\" data-element_type=\"column\" data-e-type=\"column\">\n\t\t\t<div class=\"elementor-widget-wrap elementor-element-populated\">\n\t\t\t\t\t\t<div class=\"elementor-element elementor-element-59fb2a2 text-tlc-members elementor-widget elementor-widget-text-editor\" data-id=\"59fb2a2\" data-element_type=\"widget\" data-e-type=\"widget\" data-widget_type=\"text-editor.default\">\n\t\t\t\t<div class=\"elementor-widget-container\">\n\t\t\t\t\t\t\t\t\t<div style=\"text-align: center;\"><br><\/div>\n<ol>\n<li style=\"text-align: center;\">Admetlla Ribalta, Jaume<\/li>\n<li style=\"text-align: center;\">Alvarez Vega, Salvador<\/li><li style=\"text-align: center;\">Antr\u00e0s i Puchal, Bernat<\/li>\n<li style=\"text-align: center;\">Barbancho Tovillas, Fernando<\/li>\n<li style=\"text-align: center;\">Benavides Vico, Antonio<\/li>\n<li style=\"text-align: center;\">Boltaina i Bosch, Xavier<\/li>\n<li style=\"text-align: center;\">Castej\u00f3n Vilella, Emilio<\/li>\n<li style=\"text-align: center;\">Cerqueda Serrando, Montserrat<\/li>\n<li style=\"text-align: center;\">Chacartegui J\u00e1vega, Consuelo<\/li>\n<li style=\"text-align: center;\">Checa Ru\u00edz, Pedro<\/li>\n<li style=\"text-align: center;\">Del Rey Guanter, Salvador<\/li>\n<li style=\"text-align: center;\">De Gispert Catal\u00e0, Ignasi<\/li>\n<li style=\"text-align: center;\">Fern\u00e1ndez Rodr\u00edguez, Arsenio<\/li>\n<li style=\"text-align: center;\">Freixas Arnay, Laura<\/li>\n<li style=\"text-align: center;\">Garc\u00eda Vi\u00f1a, Jordi<\/li>\n<li style=\"text-align: center;\">Jim\u00e9nez Piquero, Antonio<\/li>\n<li style=\"text-align: center;\">L\u00f3pez Escudero, Isabel Mar\u00eda<\/li>\n<li style=\"text-align: center;\">L\u00f3pez L\u00f3pez, Julia<\/li>\n<li style=\"text-align: center;\">Manuel Luque Parra<\/li>\n<li style=\"text-align: center;\">Manubens i Florensa, Montserrat<\/li>\n<li style=\"text-align: center;\">Mar\u00edn Arce, Juan Ignacio<\/li>\n<li style=\"text-align: center;\">Mart\u00ednez Abascal, Vicente Antonio<\/li>\n<li style=\"text-align: center;\">Mart\u00ednez Campillo, Jos\u00e9 Luis<\/li>\n<li style=\"text-align: center;\">Montegut Salla, Alejandra<\/li>\n<li style=\"text-align: center;\">Ortiz i Cervell\u00f3, Rafael<\/li>\n<li style=\"text-align: center;\">Pastor Mart\u00ednez, Albert<\/li>\n<li style=\"text-align: center;\">P\u00e9rez Amor\u00f3s, Francesc<\/li>\n<li style=\"text-align: center;\">Puente Fluvi\u00e0, Josep Maria<\/li>\n<li style=\"text-align: center;\">Rojo Torrecilla, Eduardo<\/li>\n<li style=\"text-align: center;\">S\u00e1nchez Torres, Esther<\/li>\n<li style=\"text-align: center;\">Serrano Olivares, Raquel<\/li>\n<li style=\"text-align: center;\">Todol\u00ed Signes, Adri\u00e1n<\/li>\n<li style=\"text-align: center;\">Tovillas Zorzano, Jos\u00e9 Juli\u00e1n<\/li>\n<\/ol>\t\t\t\t\t\t\t\t<\/div>\n\t\t\t\t<\/div>\n\t\t\t\t\t<\/div>\n\t\t<\/div>\n\t\t\t\t\t<\/div>\n\t\t<\/section>\n\t\t\t\t<\/div>\n\t\t","protected":false},"excerpt":{"rendered":"<p>Admetlla Ribalta, Jaume Alvarez Vega, Salvador Antr\u00e0s i Puchal, Bernat Barbancho Tovillas, Fernando Benavides Vico, Antonio Boltaina i Bosch, Xavier Castej\u00f3n Vilella, Emilio Cerqueda Serrando, Montserrat Chacartegui J\u00e1vega, Consuelo Checa Ru\u00edz, Pedro Del Rey Guanter, Salvador De Gispert Catal\u00e0, Ignasi Fern\u00e1ndez Rodr\u00edguez, Arsenio Freixas Arnay, Laura Garc\u00eda Vi\u00f1a, Jordi Jim\u00e9nez Piquero, Antonio L\u00f3pez Escudero, Isabel&hellip;<\/p>\n","protected":false},"author":2,"featured_media":16123,"parent":18497,"menu_order":0,"comment_status":"closed","ping_status":"closed","template":"","meta":{"footnotes":""},"class_list":["post-18544","page","type-page","status-publish","has-post-thumbnail","hentry"],"_links":{"self":[{"href":"https:\/\/www.tribulab.cat\/es\/wp-json\/wp\/v2\/pages\/18544","targetHints":{"allow":["GET"]}}],"collection":[{"href":"https:\/\/www.tribulab.cat\/es\/wp-json\/wp\/v2\/pages"}],"about":[{"href":"https:\/\/www.tribulab.cat\/es\/wp-json\/wp\/v2\/types\/page"}],"author":[{"embeddable":true,"href":"https:\/\/www.tribulab.cat\/es\/wp-json\/wp\/v2\/users\/2"}],"replies":[{"embeddable":true,"href":"https:\/\/www.tribulab.cat\/es\/wp-json\/wp\/v2\/comments?post=18544"}],"version-history":[{"count":0,"href":"https:\/\/www.tribulab.cat\/es\/wp-json\/wp\/v2\/pages\/18544\/revisions"}],"up":[{"embeddable":true,"href":"https:\/\/www.tribulab.cat\/es\/wp-json\/wp\/v2\/pages\/18497"}],"wp:featuredmedia":[{"embeddable":true,"href":"https:\/\/www.tribulab.cat\/es\/wp-json\/wp\/v2\/media\/16123"}],"wp:attachment":[{"href":"https:\/\/www.tribulab.cat\/es\/wp-json\/wp\/v2\/media?parent=18544"}],"curies":[{"name":"wp","href":"https:\/\/api.w.org\/{rel}","templated":true}]}}