{"id":18428,"date":"2022-01-05T07:39:28","date_gmt":"2022-01-05T06:39:28","guid":{"rendered":"https:\/\/stlc.local\/?page_id=18428"},"modified":"2022-06-05T07:40:44","modified_gmt":"2022-06-05T05:40:44","slug":"tlc-capitulo-5-comisiones-tecnicas-del-tribunal-laboral-de-cataluna","status":"publish","type":"page","link":"https:\/\/www.tribulab.cat\/es\/reglamento-de-funcionamiento-del-tlc\/tlc-capitulo-5-comisiones-tecnicas-del-tribunal-laboral-de-cataluna\/","title":{"rendered":"TLC. Cap\u00edtulo 5 &#8211; Comisiones T\u00e9cnicas del Tribunal Laboral de Catalu\u00f1a"},"content":{"rendered":"\t\t<div data-elementor-type=\"wp-page\" data-elementor-id=\"18428\" class=\"elementor elementor-18428 elementor-15991\" data-elementor-post-type=\"page\">\n\t\t\t\t\t\t<section class=\"elementor-section elementor-top-section elementor-element elementor-element-6aadf85 elementor-section-stretched elementor-section-boxed elementor-section-height-default elementor-section-height-default\" data-id=\"6aadf85\" data-element_type=\"section\" data-e-type=\"section\" data-settings=\"{&quot;stretch_section&quot;:&quot;section-stretched&quot;}\">\n\t\t\t\t\t\t<div class=\"elementor-container elementor-column-gap-default\">\n\t\t\t\t\t<div class=\"elementor-column elementor-col-100 elementor-top-column elementor-element elementor-element-31c9bd1\" data-id=\"31c9bd1\" data-element_type=\"column\" data-e-type=\"column\">\n\t\t\t<div class=\"elementor-widget-wrap elementor-element-populated\">\n\t\t\t\t\t\t<div class=\"elementor-element elementor-element-a1253d0 elementor-widget elementor-widget-shortcode\" data-id=\"a1253d0\" data-element_type=\"widget\" data-e-type=\"widget\" data-widget_type=\"shortcode.default\">\n\t\t\t\t<div class=\"elementor-widget-container\">\n\t\t\t\t\t\t\t<div class=\"elementor-shortcode\">\t\t<div data-elementor-type=\"section\" data-elementor-id=\"14915\" class=\"elementor elementor-14915\" data-elementor-post-type=\"elementor_library\">\n\t\t\t\t\t<section class=\"elementor-section elementor-top-section elementor-element elementor-element-3f41daaa elementor-section-full_width elementor-section-stretched elementor-section-height-default elementor-section-height-default elementor-invisible\" data-id=\"3f41daaa\" data-element_type=\"section\" data-e-type=\"section\" data-settings=\"{&quot;stretch_section&quot;:&quot;section-stretched&quot;,&quot;animation&quot;:&quot;fadeIn&quot;,&quot;animation_delay&quot;:150}\">\n\t\t\t\t\t\t<div class=\"elementor-container elementor-column-gap-no\">\n\t\t\t\t\t<div class=\"elementor-column elementor-col-100 elementor-top-column elementor-element elementor-element-4bbb8188 col-header-background-container\" data-id=\"4bbb8188\" data-element_type=\"column\" data-e-type=\"column\" data-settings=\"{&quot;background_background&quot;:&quot;classic&quot;,&quot;background_motion_fx_motion_fx_scrolling&quot;:&quot;yes&quot;,&quot;background_motion_fx_translateY_effect&quot;:&quot;yes&quot;,&quot;background_motion_fx_translateY_direction&quot;:&quot;negative&quot;,&quot;background_motion_fx_translateY_speed&quot;:{&quot;unit&quot;:&quot;px&quot;,&quot;size&quot;:7,&quot;sizes&quot;:[]},&quot;background_motion_fx_devices&quot;:[&quot;desktop&quot;,&quot;tablet&quot;],&quot;background_motion_fx_translateY_affectedRange&quot;:{&quot;unit&quot;:&quot;%&quot;,&quot;size&quot;:&quot;&quot;,&quot;sizes&quot;:{&quot;start&quot;:0,&quot;end&quot;:100}}}\">\n\t\t\t<div class=\"elementor-widget-wrap elementor-element-populated\">\n\t\t\t\t\t<div class=\"elementor-background-overlay\"><\/div>\n\t\t\t\t\t\t<div class=\"elementor-element elementor-element-137ec605 elementor-widget elementor-widget-spacer\" data-id=\"137ec605\" data-element_type=\"widget\" data-e-type=\"widget\" data-widget_type=\"spacer.default\">\n\t\t\t\t<div class=\"elementor-widget-container\">\n\t\t\t\t\t\t\t<div class=\"elementor-spacer\">\n\t\t\t<div class=\"elementor-spacer-inner\"><\/div>\n\t\t<\/div>\n\t\t\t\t\t\t<\/div>\n\t\t\t\t<\/div>\n\t\t\t\t\t<\/div>\n\t\t<\/div>\n\t\t\t\t\t<\/div>\n\t\t<\/section>\n\t\t\t\t<section class=\"elementor-section elementor-top-section elementor-element elementor-element-742d26f elementor-section-stretched elementor-section-boxed elementor-section-height-default elementor-section-height-default\" data-id=\"742d26f\" data-element_type=\"section\" data-e-type=\"section\" data-settings=\"{&quot;stretch_section&quot;:&quot;section-stretched&quot;,&quot;background_background&quot;:&quot;classic&quot;}\">\n\t\t\t\t\t\t<div class=\"elementor-container elementor-column-gap-default\">\n\t\t\t\t\t<div class=\"elementor-column elementor-col-100 elementor-top-column elementor-element elementor-element-04cf841\" data-id=\"04cf841\" data-element_type=\"column\" data-e-type=\"column\">\n\t\t\t<div class=\"elementor-widget-wrap elementor-element-populated\">\n\t\t\t\t\t\t<div class=\"elementor-element elementor-element-fa6d74a elementor-widget elementor-widget-heading\" data-id=\"fa6d74a\" data-element_type=\"widget\" data-e-type=\"widget\" data-widget_type=\"heading.default\">\n\t\t\t\t<div class=\"elementor-widget-container\">\n\t\t\t\t\t<h1 class=\"elementor-heading-title elementor-size-default\">TLC. Cap\u00edtulo 5 &#8211; Comisiones T\u00e9cnicas del Tribunal Laboral de Catalu\u00f1a<\/h1>\t\t\t\t<\/div>\n\t\t\t\t<\/div>\n\t\t\t\t\t<\/div>\n\t\t<\/div>\n\t\t\t\t\t<\/div>\n\t\t<\/section>\n\t\t\t\t<\/div>\n\t\t<\/div>\n\t\t\t\t\t\t<\/div>\n\t\t\t\t<\/div>\n\t\t\t\t\t<\/div>\n\t\t<\/div>\n\t\t\t\t\t<\/div>\n\t\t<\/section>\n\t\t\t\t<section class=\"elementor-section elementor-top-section elementor-element elementor-element-16cd7b4 elementor-section-boxed elementor-section-height-default elementor-section-height-default\" data-id=\"16cd7b4\" data-element_type=\"section\" data-e-type=\"section\">\n\t\t\t\t\t\t<div class=\"elementor-container elementor-column-gap-default\">\n\t\t\t\t\t<div class=\"elementor-column elementor-col-100 elementor-top-column elementor-element elementor-element-496fd42\" data-id=\"496fd42\" data-element_type=\"column\" data-e-type=\"column\">\n\t\t\t<div class=\"elementor-widget-wrap elementor-element-populated\">\n\t\t\t\t\t\t<div class=\"elementor-element elementor-element-9bb666e elementor-widget elementor-widget-text-editor\" data-id=\"9bb666e\" data-element_type=\"widget\" data-e-type=\"widget\" data-widget_type=\"text-editor.default\">\n\t\t\t\t<div class=\"elementor-widget-container\">\n\t\t\t\t\t\t\t\t\t<h2>Art\u00edculo 18: De las Comisiones t\u00e9cnicas<\/h2>\t\t\t\t\t\t\t\t<\/div>\n\t\t\t\t<\/div>\n\t\t\t\t<div class=\"elementor-element elementor-element-628efb3 elementor-widget-divider--view-line elementor-widget elementor-widget-divider\" data-id=\"628efb3\" data-element_type=\"widget\" data-e-type=\"widget\" data-widget_type=\"divider.default\">\n\t\t\t\t<div class=\"elementor-widget-container\">\n\t\t\t\t\t\t\t<div class=\"elementor-divider\">\n\t\t\t<span class=\"elementor-divider-separator\">\n\t\t\t\t\t\t<\/span>\n\t\t<\/div>\n\t\t\t\t\t\t<\/div>\n\t\t\t\t<\/div>\n\t\t\t\t<div class=\"elementor-element elementor-element-1699ea3 elementor-widget elementor-widget-text-editor\" data-id=\"1699ea3\" data-element_type=\"widget\" data-e-type=\"widget\" data-widget_type=\"text-editor.default\">\n\t\t\t\t<div class=\"elementor-widget-container\">\n\t\t\t\t\t\t\t\t\t<p>18.1. En el seno del Tribunal Laboral de Catalu\u00f1a, podr\u00e1n crearse por acuerdo un\u00e1nime de las distintas organizaciones que componen la Comisi\u00f3n de aplicaci\u00f3n y seguimiento del Acuerdo Interprofesional de Catalu\u00f1a, las Comisiones t\u00e9cnicas que se crean indispensables para determinar, en funci\u00f3n del objeto del conflicto, los aspectos t\u00e9cnicos imprescindibles en materia de organizaci\u00f3n del trabajo; situaci\u00f3n econ\u00f3mica-financiera de empresas; disposiciones reglamentarias en materia de prevenci\u00f3n de riesgos de car\u00e1cter laboral, igualdad de oportunidades, no discriminaci\u00f3n por raz\u00f3n de g\u00e9nero o cualquier otra materia que requiera la intervenci\u00f3n y dictamen de t\u00e9cnicos expertos.<\/p><p>18.2. Las Comisiones t\u00e9cnicas que se creen en el seno del Tribunal Laboral de Catalu\u00f1a estar\u00e1n compuestas del n\u00famero de personas t\u00e9cnicas que en cada caso se determine, designadas por las respectivas organizaciones firmantes del Acuerdo Interprofesional de Catalu\u00f1a.<\/p><p>18.3. Cada Comisi\u00f3n t\u00e9cnica creada mantendr\u00e1 la estructura y procedimiento que se establezca en el correspondiente reglamento de Funcionamiento que apruebe la Comisi\u00f3n de aplicaci\u00f3n y Seguimiento del AIC.<\/p><p>18.4. En los procedimientos de conciliaci\u00f3n o mediaci\u00f3n, las Comisiones t\u00e9cnicas actuar\u00e1n a petici\u00f3n de las respectivas representaciones de empresas y personas trabajadoras, previa propuesta de la Delegaci\u00f3n del Tribunal o de la Comisi\u00f3n de mediaci\u00f3n que act\u00fae en dichos procedimientos.<\/p><p>El informe que se solicite podr\u00e1 tener car\u00e1cter vinculante o no vinculante en funci\u00f3n de la voluntad de las partes expresamente manifestada en el acto de conciliaci\u00f3n o mediaci\u00f3n.<\/p><p>La Comisi\u00f3n t\u00e9cnica correspondiente emitir\u00e1 el informe solicitado en acta de conciliaci\u00f3n o mediaci\u00f3n en el plazo de quince d\u00edas h\u00e1biles, si bien el plazo podr\u00e1 ser ampliado por decisi\u00f3n de la delegaci\u00f3n del Tribunal o de la Comisi\u00f3n de mediaci\u00f3n, por raz\u00f3n de la complejidad y peculiaridades del caso.<\/p><p>El informe emitido, en cada caso, por las Comisiones t\u00e9cnicas, tendr\u00e1 la consideraci\u00f3n de documento interno para uso exclusivo del equipo conciliador o del equipo mediador, no formando parte, por tanto, del correspondiente expediente.<\/p><p>Las partes, en el plazo de cinco d\u00edas h\u00e1biles a contar desde la notificaci\u00f3n del informe t\u00e9cnico, podr\u00e1n solicitar aclaraci\u00f3n del mismo a la delegaci\u00f3n del Tribunal o en la Comisi\u00f3n de mediaci\u00f3n, que acord\u00f3 la confecci\u00f3n de dicho informe.<\/p><p>La delegaci\u00f3n del Tribunal o la Comisi\u00f3n de mediaci\u00f3n, facilitar\u00e1n la aclaraci\u00f3n solicitada en el plazo de diez d\u00edas h\u00e1biles desde la fecha de solicitud de esta aclaraci\u00f3n.<\/p><p>18.5. La intervenci\u00f3n de las Comisiones t\u00e9cnicas en el procedimiento de arbitraje operar\u00e1 de acuerdo con lo que establece el art\u00edculo 17.8.<\/p><p>18.6. La intervenci\u00f3n de los t\u00e9cnicos o de las t\u00e9cnicas que componen dichas Comisiones se ajustar\u00e1n a los par\u00e1metros l\u00f3gicos que deben configurar un informe pericial, sin que sea factible, por tanto, la realizaci\u00f3n de estudios que representen una utilizaci\u00f3n del citado servicio en t\u00e9rminos superiores los establecidos, es por ello, que \u00fanicamente podr\u00e1n realizar su dictamen t\u00e9cnico dentro de los l\u00edmites presupuestarios establecidos al respecto por el Patronato de la Fundaci\u00f3n Tribunal Laboral de Catalu\u00f1a.<\/p><p>S\u00f3lo se podr\u00e1n realizar dos informes t\u00e9cnicos al a\u00f1o, confeccionados por cada una de las Comisiones t\u00e9cnicas del Tribunal Laboral de Catalu\u00f1a, en una misma empresa o sector determinados, que no supondr\u00e1n ning\u00fan coste para las partes afectadas, siempre dentro del l\u00edmite presupuestario establecido en el p\u00e1rrafo anterior. A partir de los mencionados dos informes, el Tribunal Laboral podr\u00e1 efectuar m\u00e1s informes t\u00e9cnicos en la citada empresa, si el coste de los mismos es asumido por alguna de las representaciones. Tal circunstancia se har\u00e1 constar en el Acta de conciliaci\u00f3n o mediaci\u00f3n redactada al efecto.<\/p>\t\t\t\t\t\t\t\t<\/div>\n\t\t\t\t<\/div>\n\t\t\t\t\t<\/div>\n\t\t<\/div>\n\t\t\t\t\t<\/div>\n\t\t<\/section>\n\t\t\t\t<\/div>\n\t\t","protected":false},"excerpt":{"rendered":"<p>Art\u00edculo 18: De las Comisiones t\u00e9cnicas 18.1. En el seno del Tribunal Laboral de Catalu\u00f1a, podr\u00e1n crearse por acuerdo un\u00e1nime de las distintas organizaciones que componen la Comisi\u00f3n de aplicaci\u00f3n y seguimiento del Acuerdo Interprofesional de Catalu\u00f1a, las Comisiones t\u00e9cnicas que se crean indispensables para determinar, en funci\u00f3n del objeto del conflicto, los aspectos t\u00e9cnicos&hellip;<\/p>\n","protected":false},"author":2,"featured_media":15887,"parent":18362,"menu_order":0,"comment_status":"closed","ping_status":"closed","template":"","meta":{"footnotes":""},"class_list":["post-18428","page","type-page","status-publish","has-post-thumbnail","hentry"],"_links":{"self":[{"href":"https:\/\/www.tribulab.cat\/es\/wp-json\/wp\/v2\/pages\/18428","targetHints":{"allow":["GET"]}}],"collection":[{"href":"https:\/\/www.tribulab.cat\/es\/wp-json\/wp\/v2\/pages"}],"about":[{"href":"https:\/\/www.tribulab.cat\/es\/wp-json\/wp\/v2\/types\/page"}],"author":[{"embeddable":true,"href":"https:\/\/www.tribulab.cat\/es\/wp-json\/wp\/v2\/users\/2"}],"replies":[{"embeddable":true,"href":"https:\/\/www.tribulab.cat\/es\/wp-json\/wp\/v2\/comments?post=18428"}],"version-history":[{"count":0,"href":"https:\/\/www.tribulab.cat\/es\/wp-json\/wp\/v2\/pages\/18428\/revisions"}],"up":[{"embeddable":true,"href":"https:\/\/www.tribulab.cat\/es\/wp-json\/wp\/v2\/pages\/18362"}],"wp:featuredmedia":[{"embeddable":true,"href":"https:\/\/www.tribulab.cat\/es\/wp-json\/wp\/v2\/media\/15887"}],"wp:attachment":[{"href":"https:\/\/www.tribulab.cat\/es\/wp-json\/wp\/v2\/media?parent=18428"}],"curies":[{"name":"wp","href":"https:\/\/api.w.org\/{rel}","templated":true}]}}