{"id":18341,"date":"2022-01-05T06:22:47","date_gmt":"2022-01-05T05:22:47","guid":{"rendered":"https:\/\/stlc.local\/?page_id=18341"},"modified":"2022-06-25T15:58:21","modified_gmt":"2022-06-25T13:58:21","slug":"texto-aic-trade","status":"publish","type":"page","link":"https:\/\/www.tribulab.cat\/es\/acuerdos-interprofesionales-de-cataluna\/texto-aic-trade\/","title":{"rendered":"Texto AIC TRADE"},"content":{"rendered":"\t\t<div data-elementor-type=\"wp-page\" data-elementor-id=\"18341\" class=\"elementor elementor-18341 elementor-15857\" data-elementor-post-type=\"page\">\n\t\t\t\t\t\t<section class=\"elementor-section elementor-top-section elementor-element elementor-element-6aadf85 elementor-section-stretched elementor-section-boxed elementor-section-height-default elementor-section-height-default\" data-id=\"6aadf85\" data-element_type=\"section\" data-e-type=\"section\" data-settings=\"{&quot;stretch_section&quot;:&quot;section-stretched&quot;}\">\n\t\t\t\t\t\t<div class=\"elementor-container elementor-column-gap-default\">\n\t\t\t\t\t<div class=\"elementor-column elementor-col-100 elementor-top-column elementor-element elementor-element-31c9bd1\" data-id=\"31c9bd1\" data-element_type=\"column\" data-e-type=\"column\">\n\t\t\t<div class=\"elementor-widget-wrap elementor-element-populated\">\n\t\t\t\t\t\t<div class=\"elementor-element elementor-element-a1253d0 elementor-widget elementor-widget-shortcode\" data-id=\"a1253d0\" data-element_type=\"widget\" data-e-type=\"widget\" data-widget_type=\"shortcode.default\">\n\t\t\t\t<div class=\"elementor-widget-container\">\n\t\t\t\t\t\t\t<div class=\"elementor-shortcode\">\t\t<div data-elementor-type=\"section\" data-elementor-id=\"14915\" class=\"elementor elementor-14915\" data-elementor-post-type=\"elementor_library\">\n\t\t\t\t\t<section class=\"elementor-section elementor-top-section elementor-element elementor-element-3f41daaa elementor-section-full_width elementor-section-stretched elementor-section-height-default elementor-section-height-default elementor-invisible\" data-id=\"3f41daaa\" data-element_type=\"section\" data-e-type=\"section\" data-settings=\"{&quot;stretch_section&quot;:&quot;section-stretched&quot;,&quot;animation&quot;:&quot;fadeIn&quot;,&quot;animation_delay&quot;:150}\">\n\t\t\t\t\t\t<div class=\"elementor-container elementor-column-gap-no\">\n\t\t\t\t\t<div class=\"elementor-column elementor-col-100 elementor-top-column elementor-element elementor-element-4bbb8188 col-header-background-container\" data-id=\"4bbb8188\" data-element_type=\"column\" data-e-type=\"column\" data-settings=\"{&quot;background_background&quot;:&quot;classic&quot;,&quot;background_motion_fx_motion_fx_scrolling&quot;:&quot;yes&quot;,&quot;background_motion_fx_translateY_effect&quot;:&quot;yes&quot;,&quot;background_motion_fx_translateY_direction&quot;:&quot;negative&quot;,&quot;background_motion_fx_translateY_speed&quot;:{&quot;unit&quot;:&quot;px&quot;,&quot;size&quot;:7,&quot;sizes&quot;:[]},&quot;background_motion_fx_devices&quot;:[&quot;desktop&quot;,&quot;tablet&quot;],&quot;background_motion_fx_translateY_affectedRange&quot;:{&quot;unit&quot;:&quot;%&quot;,&quot;size&quot;:&quot;&quot;,&quot;sizes&quot;:{&quot;start&quot;:0,&quot;end&quot;:100}}}\">\n\t\t\t<div class=\"elementor-widget-wrap elementor-element-populated\">\n\t\t\t\t\t<div class=\"elementor-background-overlay\"><\/div>\n\t\t\t\t\t\t<div class=\"elementor-element elementor-element-137ec605 elementor-widget elementor-widget-spacer\" data-id=\"137ec605\" data-element_type=\"widget\" data-e-type=\"widget\" data-widget_type=\"spacer.default\">\n\t\t\t\t<div class=\"elementor-widget-container\">\n\t\t\t\t\t\t\t<div class=\"elementor-spacer\">\n\t\t\t<div class=\"elementor-spacer-inner\"><\/div>\n\t\t<\/div>\n\t\t\t\t\t\t<\/div>\n\t\t\t\t<\/div>\n\t\t\t\t\t<\/div>\n\t\t<\/div>\n\t\t\t\t\t<\/div>\n\t\t<\/section>\n\t\t\t\t<section class=\"elementor-section elementor-top-section elementor-element elementor-element-742d26f elementor-section-stretched elementor-section-boxed elementor-section-height-default elementor-section-height-default\" data-id=\"742d26f\" data-element_type=\"section\" data-e-type=\"section\" data-settings=\"{&quot;stretch_section&quot;:&quot;section-stretched&quot;,&quot;background_background&quot;:&quot;classic&quot;}\">\n\t\t\t\t\t\t<div class=\"elementor-container elementor-column-gap-default\">\n\t\t\t\t\t<div class=\"elementor-column elementor-col-100 elementor-top-column elementor-element elementor-element-04cf841\" data-id=\"04cf841\" data-element_type=\"column\" data-e-type=\"column\">\n\t\t\t<div class=\"elementor-widget-wrap elementor-element-populated\">\n\t\t\t\t\t\t<div class=\"elementor-element elementor-element-fa6d74a elementor-widget elementor-widget-heading\" data-id=\"fa6d74a\" data-element_type=\"widget\" data-e-type=\"widget\" data-widget_type=\"heading.default\">\n\t\t\t\t<div class=\"elementor-widget-container\">\n\t\t\t\t\t<h1 class=\"elementor-heading-title elementor-size-default\">Texto AIC TRADE<\/h1>\t\t\t\t<\/div>\n\t\t\t\t<\/div>\n\t\t\t\t\t<\/div>\n\t\t<\/div>\n\t\t\t\t\t<\/div>\n\t\t<\/section>\n\t\t\t\t<\/div>\n\t\t<\/div>\n\t\t\t\t\t\t<\/div>\n\t\t\t\t<\/div>\n\t\t\t\t\t<\/div>\n\t\t<\/div>\n\t\t\t\t\t<\/div>\n\t\t<\/section>\n\t\t\t\t<section class=\"elementor-section elementor-top-section elementor-element elementor-element-9cbce67 elementor-section-boxed elementor-section-height-default elementor-section-height-default\" data-id=\"9cbce67\" data-element_type=\"section\" data-e-type=\"section\">\n\t\t\t\t\t\t<div class=\"elementor-container elementor-column-gap-default\">\n\t\t\t\t\t<div class=\"elementor-column elementor-col-100 elementor-top-column elementor-element elementor-element-87cf077\" data-id=\"87cf077\" data-element_type=\"column\" data-e-type=\"column\">\n\t\t\t<div class=\"elementor-widget-wrap elementor-element-populated\">\n\t\t\t\t\t\t<div class=\"elementor-element elementor-element-4d1a072 elementor-widget-divider--view-line elementor-widget elementor-widget-divider\" data-id=\"4d1a072\" data-element_type=\"widget\" data-e-type=\"widget\" data-widget_type=\"divider.default\">\n\t\t\t\t<div class=\"elementor-widget-container\">\n\t\t\t\t\t\t\t<div class=\"elementor-divider\">\n\t\t\t<span class=\"elementor-divider-separator\">\n\t\t\t\t\t\t<\/span>\n\t\t<\/div>\n\t\t\t\t\t\t<\/div>\n\t\t\t\t<\/div>\n\t\t\t\t<div class=\"elementor-element elementor-element-ccccfb3 elementor-widget elementor-widget-text-editor\" data-id=\"ccccfb3\" data-element_type=\"widget\" data-e-type=\"widget\" data-widget_type=\"text-editor.default\">\n\t\t\t\t<div class=\"elementor-widget-container\">\n\t\t\t\t\t\t\t\t\tPublicado en el Diario Oficial de la Generalitat n\u00famero 5231, de fecha 8 de octubre de 2008 (<a href=\"\/wp-content\/uploads\/docs\/trade\/dogc\/aiccastdogc.pdf\" target=\"_blank\" rel=\"noopener\">ver PDF<\/a>)\t\t\t\t\t\t\t\t<\/div>\n\t\t\t\t<\/div>\n\t\t\t\t<div class=\"elementor-element elementor-element-a7ca498 elementor-widget-divider--view-line elementor-widget elementor-widget-divider\" data-id=\"a7ca498\" data-element_type=\"widget\" data-e-type=\"widget\" data-widget_type=\"divider.default\">\n\t\t\t\t<div class=\"elementor-widget-container\">\n\t\t\t\t\t\t\t<div class=\"elementor-divider\">\n\t\t\t<span class=\"elementor-divider-separator\">\n\t\t\t\t\t\t<\/span>\n\t\t<\/div>\n\t\t\t\t\t\t<\/div>\n\t\t\t\t<\/div>\n\t\t\t\t\t<\/div>\n\t\t<\/div>\n\t\t\t\t\t<\/div>\n\t\t<\/section>\n\t\t\t\t<section class=\"elementor-section elementor-top-section elementor-element elementor-element-4668c36 elementor-section-boxed elementor-section-height-default elementor-section-height-default\" data-id=\"4668c36\" data-element_type=\"section\" data-e-type=\"section\">\n\t\t\t\t\t\t<div class=\"elementor-container elementor-column-gap-default\">\n\t\t\t\t\t<div class=\"elementor-column elementor-col-100 elementor-top-column elementor-element elementor-element-c597e10\" data-id=\"c597e10\" data-element_type=\"column\" data-e-type=\"column\">\n\t\t\t<div class=\"elementor-widget-wrap elementor-element-populated\">\n\t\t\t\t\t\t<div class=\"elementor-element elementor-element-55dc212 elementor-widget elementor-widget-text-editor\" data-id=\"55dc212\" data-element_type=\"widget\" data-e-type=\"widget\" data-widget_type=\"text-editor.default\">\n\t\t\t\t<div class=\"elementor-widget-container\">\n\t\t\t\t\t\t\t\t\t<h2>Acuerdos del Comit\u00e9 Paritario de Interpretaci\u00f3n, Aplicaci\u00f3n y Seguimiento<br \/>del Acuerdo Interprofesional de Catalunya<\/h2>\t\t\t\t\t\t\t\t<\/div>\n\t\t\t\t<\/div>\n\t\t\t\t<div class=\"elementor-element elementor-element-11f95ea elementor-widget-divider--view-line elementor-widget elementor-widget-divider\" data-id=\"11f95ea\" data-element_type=\"widget\" data-e-type=\"widget\" data-widget_type=\"divider.default\">\n\t\t\t\t<div class=\"elementor-widget-container\">\n\t\t\t\t\t\t\t<div class=\"elementor-divider\">\n\t\t\t<span class=\"elementor-divider-separator\">\n\t\t\t\t\t\t<\/span>\n\t\t<\/div>\n\t\t\t\t\t\t<\/div>\n\t\t\t\t<\/div>\n\t\t\t\t<div class=\"elementor-element elementor-element-5f8c84a elementor-widget elementor-widget-text-editor\" data-id=\"5f8c84a\" data-element_type=\"widget\" data-e-type=\"widget\" data-widget_type=\"text-editor.default\">\n\t\t\t\t<div class=\"elementor-widget-container\">\n\t\t\t\t\t\t\t\t\t<p>El Comit\u00e9 Paritario de Interpretaci\u00f3n, Aplicaci\u00f3n y Seguimiento del Acuerdo Interprofesional de Catalunya (AIC) publicado en el Diario Oficial de la Generalitat de Catalunya en fecha 23 de enero de 1991, en el ejercicio de las facultades atribuidas al mismo deja constancia de las siguientes consideraciones:<\/p><p>I. El Bolet\u00edn Oficial del Estado (BOE) n\u00famero 166 de fecha 12 de julio de 2007, recoge la publicaci\u00f3n de la Ley 20\/2007 de 11 de julio, del Estatuto del Trabajo Aut\u00f3nomo, que supone una novaci\u00f3n legislativa de indiscutible repercusi\u00f3n en el \u00e1mbito socio-econ\u00f3mico.<\/p><p>El art\u00edculo 18 de la indicada Ley establece los procedimientos no jurisdiccionales de soluci\u00f3n de conflictos, regulando expresamente, la constituci\u00f3n de organismos espec\u00edficos de soluci\u00f3n de conflictos creados por acuerdos de inter\u00e9s profesional.<\/p><p>II. Por su parte la disposici\u00f3n adicional primera de la propia Ley, en su apartado cuarto, da una nueva redacci\u00f3n al art\u00edculo 63 de la Ley de Procedimiento Laboral, en la que determina que los \u00f3rganos no jurisdiccionales de soluci\u00f3n de conflictos, podr\u00e1n constituirse mediante acuerdos interprofesionales, convenios colectivos o acuerdos de inter\u00e9s profesional.<\/p><p>III. Las organizaciones que suscribieron el Acuerdo Interprofesional de Catalunya (AIC) de 1991, Comissi\u00f3 Obrera Nacional de Catalunya, Uni\u00f3 General de Treballadors de Catalunya y Foment del Treball Nacional, representadas, formalmente, en el Comit\u00e9 Paritario de Interpretaci\u00f3n, Aplicaci\u00f3n y Seguimiento del AIC, conscientes de la importancia e implicaci\u00f3n del contenido de la Ley del Estatuto del Trabajo Aut\u00f3nomo en el \u00e1mbito socio-econ\u00f3mico de Catalunya, y muy especialmente la regulaci\u00f3n espec\u00edfica de las relaciones de los trabajadores aut\u00f3nomos econ\u00f3micamente dependiente con las empresas en las que ejecutan su actividad, manifiestan su voluntad expresa de ampliar el \u00e1mbito funcional del Tribunal Laboral de Catalunya, \u00f3rgano constituido para la resoluci\u00f3n de conflictos laborales por la v\u00eda extrajudicial, a la soluci\u00f3n de conflictos que puedan surgir entre los trabajadores y empresas mencionadas, a cuyo efecto, y en virtud de las atribuciones conferidas por el Acuerdo Interprofesional de Catalunya y en aplicaci\u00f3n de las normas contenidas en la Ley del Estatuto del Trabajo Aut\u00f3nomo, de 11 de julio de 2007, suscriben la siguiente<\/p>\t\t\t\t\t\t\t\t<\/div>\n\t\t\t\t<\/div>\n\t\t\t\t<div class=\"elementor-element elementor-element-1699ea3 elementor-widget elementor-widget-text-editor\" data-id=\"1699ea3\" data-element_type=\"widget\" data-e-type=\"widget\" data-widget_type=\"text-editor.default\">\n\t\t\t\t<div class=\"elementor-widget-container\">\n\t\t\t\t\t\t\t\t\t<h3>AMPLIACI\u00d3N DEL ACUERDO INTERPROFESIONAL DE CATALUNYA<\/h3><p><strong>PRIMERO:<\/strong>.-Los sindicatos Comisi\u00f3n Obrera Nacional de Catalunya y Uni\u00f3n General de Trabajadores de Catalunya, y la organizaci\u00f3n empresarial Fomento del Trabajo Nacional, que ostentan la condici\u00f3n de m\u00e1s representativas en el \u00e1mbito de la Comunidad Aut\u00f3noma de Catalunya, acuerdan en este acto, ampliar el \u00e1mbito funcional del Tribunal Laboral de Catalunya a soluci\u00f3n de conflictos surgidos como consecuencia de las relaciones de los trabajadores aut\u00f3nomos econ\u00f3micamente dependientes con las empresas en las que ejecuten su actividad.<\/p><p><strong>SEGUNDO:<\/strong>.-Dentro del \u00e1mbito funcional del Tribunal Laboral de Catalunya, se constituye el TRIBUNAL TRADE DE CATALUNYA para la soluci\u00f3n de conflictos surgidos como consecuencia de las relaciones de los trabajadores aut\u00f3nomos econ\u00f3micamente dependientes con las empresas en las que ejecuten su actividad, que ser\u00e1 dotado de reglamento propio.<\/p><p><strong>TERCERO:<\/strong>.- El Tribunal TRADE de Catalunya ejercer\u00e1 sus actividades de soluci\u00f3n de conflictos en funci\u00f3n de los principios de gratuidad, celeridad, agilidad y efectividad.<\/p><p><strong>CUARTO:<\/strong>.- El Tribunal TRADE de Catalunya instituir\u00e1 como procedimientos espec\u00edficos para la soluci\u00f3n de los conflictos que le sean sometidos los de conciliaci\u00f3n, mediaci\u00f3n y arbitraje.<\/p><p><strong>QUINTO:<\/strong>.-En el periodo m\u00e1ximo de tres meses el Comit\u00e9 de Interpretaci\u00f3n, Aplicaci\u00f3n y Seguimiento del AIC, proceder\u00e1 al desarrollo del Reglamento de Funcionamiento del Tribunal TRADE de Catalunya.<\/p><p><strong>SEXTO:<\/strong>.-El Comit\u00e9 Paritario de Interpretaci\u00f3n, Aplicaci\u00f3n y Seguimiento del AIC ampliar\u00e1 sus funciones propias asignadas al desarrollo y seguimiento de lo pactado en este acto, constituy\u00e9ndose, asimismo, como \u00f3rgano consultivo en cuanto a posibles interpretaciones del presente acuerdo.<\/p><p>As\u00ed lo acuerdan, y en prueba de conformidad, los miembros del Comit\u00e9 Paritario de Interpretaci\u00f3n, Aplicaci\u00f3n y Seguimiento del AIC, en nombre y representaci\u00f3n de los sindicatos Comissi\u00f3 Obrera Nacional de Catalunya; Uni\u00f3 General de Treballadors de Catalunya y Foment del Treball Nacional, firman el presente Acuerdo en Barcelona a 9 de junio de 2008.<\/p>\t\t\t\t\t\t\t\t<\/div>\n\t\t\t\t<\/div>\n\t\t\t\t\t<\/div>\n\t\t<\/div>\n\t\t\t\t\t<\/div>\n\t\t<\/section>\n\t\t\t\t<\/div>\n\t\t","protected":false},"excerpt":{"rendered":"<p>Publicado en el Diario Oficial de la Generalitat n\u00famero 5231, de fecha 8 de octubre de 2008 (ver PDF) Acuerdos del Comit\u00e9 Paritario de Interpretaci\u00f3n, Aplicaci\u00f3n y Seguimiento del Acuerdo Interprofesional de Catalunya El Comit\u00e9 Paritario de Interpretaci\u00f3n, Aplicaci\u00f3n y Seguimiento del Acuerdo Interprofesional de Catalunya (AIC) publicado en el Diario Oficial de la Generalitat&hellip;<\/p>\n","protected":false},"author":2,"featured_media":19340,"parent":15025,"menu_order":0,"comment_status":"closed","ping_status":"closed","template":"","meta":{"footnotes":""},"class_list":["post-18341","page","type-page","status-publish","has-post-thumbnail","hentry"],"_links":{"self":[{"href":"https:\/\/www.tribulab.cat\/es\/wp-json\/wp\/v2\/pages\/18341","targetHints":{"allow":["GET"]}}],"collection":[{"href":"https:\/\/www.tribulab.cat\/es\/wp-json\/wp\/v2\/pages"}],"about":[{"href":"https:\/\/www.tribulab.cat\/es\/wp-json\/wp\/v2\/types\/page"}],"author":[{"embeddable":true,"href":"https:\/\/www.tribulab.cat\/es\/wp-json\/wp\/v2\/users\/2"}],"replies":[{"embeddable":true,"href":"https:\/\/www.tribulab.cat\/es\/wp-json\/wp\/v2\/comments?post=18341"}],"version-history":[{"count":0,"href":"https:\/\/www.tribulab.cat\/es\/wp-json\/wp\/v2\/pages\/18341\/revisions"}],"up":[{"embeddable":true,"href":"https:\/\/www.tribulab.cat\/es\/wp-json\/wp\/v2\/pages\/15025"}],"wp:featuredmedia":[{"embeddable":true,"href":"https:\/\/www.tribulab.cat\/es\/wp-json\/wp\/v2\/media\/19340"}],"wp:attachment":[{"href":"https:\/\/www.tribulab.cat\/es\/wp-json\/wp\/v2\/media?parent=18341"}],"curies":[{"name":"wp","href":"https:\/\/api.w.org\/{rel}","templated":true}]}}