{"id":18311,"date":"2022-01-04T19:56:13","date_gmt":"2022-01-04T18:56:13","guid":{"rendered":"https:\/\/stlc.local\/?page_id=18311"},"modified":"2025-11-18T13:43:07","modified_gmt":"2025-11-18T12:43:07","slug":"comision-paritaria","status":"publish","type":"page","link":"https:\/\/www.tribulab.cat\/es\/acuerdos-interprofesionales-de-cataluna\/comision-paritaria\/","title":{"rendered":"Comit\u00e9 paritario de Interpretaci\u00f3n, Aplicaci\u00f3n y Seguimiento del TLC"},"content":{"rendered":"\t\t<div data-elementor-type=\"wp-page\" data-elementor-id=\"18311\" class=\"elementor elementor-18311 elementor-15806\" data-elementor-post-type=\"page\">\n\t\t\t\t\t\t<section class=\"elementor-section elementor-top-section elementor-element elementor-element-6aadf85 elementor-section-stretched elementor-section-boxed elementor-section-height-default elementor-section-height-default\" data-id=\"6aadf85\" data-element_type=\"section\" data-e-type=\"section\" data-settings=\"{&quot;stretch_section&quot;:&quot;section-stretched&quot;}\">\n\t\t\t\t\t\t<div class=\"elementor-container elementor-column-gap-default\">\n\t\t\t\t\t<div class=\"elementor-column elementor-col-100 elementor-top-column elementor-element elementor-element-31c9bd1\" data-id=\"31c9bd1\" data-element_type=\"column\" data-e-type=\"column\">\n\t\t\t<div class=\"elementor-widget-wrap elementor-element-populated\">\n\t\t\t\t\t\t<div class=\"elementor-element elementor-element-a1253d0 elementor-widget elementor-widget-shortcode\" data-id=\"a1253d0\" data-element_type=\"widget\" data-e-type=\"widget\" data-widget_type=\"shortcode.default\">\n\t\t\t\t<div class=\"elementor-widget-container\">\n\t\t\t\t\t\t\t<div class=\"elementor-shortcode\">\t\t<div data-elementor-type=\"section\" data-elementor-id=\"14915\" class=\"elementor elementor-14915\" data-elementor-post-type=\"elementor_library\">\n\t\t\t\t\t<section class=\"elementor-section elementor-top-section elementor-element elementor-element-3f41daaa elementor-section-full_width elementor-section-stretched elementor-section-height-default elementor-section-height-default elementor-invisible\" data-id=\"3f41daaa\" data-element_type=\"section\" data-e-type=\"section\" data-settings=\"{&quot;stretch_section&quot;:&quot;section-stretched&quot;,&quot;animation&quot;:&quot;fadeIn&quot;,&quot;animation_delay&quot;:150}\">\n\t\t\t\t\t\t<div class=\"elementor-container elementor-column-gap-no\">\n\t\t\t\t\t<div class=\"elementor-column elementor-col-100 elementor-top-column elementor-element elementor-element-4bbb8188 col-header-background-container\" data-id=\"4bbb8188\" data-element_type=\"column\" data-e-type=\"column\" data-settings=\"{&quot;background_background&quot;:&quot;classic&quot;,&quot;background_motion_fx_motion_fx_scrolling&quot;:&quot;yes&quot;,&quot;background_motion_fx_translateY_effect&quot;:&quot;yes&quot;,&quot;background_motion_fx_translateY_direction&quot;:&quot;negative&quot;,&quot;background_motion_fx_translateY_speed&quot;:{&quot;unit&quot;:&quot;px&quot;,&quot;size&quot;:7,&quot;sizes&quot;:[]},&quot;background_motion_fx_devices&quot;:[&quot;desktop&quot;,&quot;tablet&quot;],&quot;background_motion_fx_translateY_affectedRange&quot;:{&quot;unit&quot;:&quot;%&quot;,&quot;size&quot;:&quot;&quot;,&quot;sizes&quot;:{&quot;start&quot;:0,&quot;end&quot;:100}}}\">\n\t\t\t<div class=\"elementor-widget-wrap elementor-element-populated\">\n\t\t\t\t\t<div class=\"elementor-background-overlay\"><\/div>\n\t\t\t\t\t\t<div class=\"elementor-element elementor-element-137ec605 elementor-widget elementor-widget-spacer\" data-id=\"137ec605\" data-element_type=\"widget\" data-e-type=\"widget\" data-widget_type=\"spacer.default\">\n\t\t\t\t<div class=\"elementor-widget-container\">\n\t\t\t\t\t\t\t<div class=\"elementor-spacer\">\n\t\t\t<div class=\"elementor-spacer-inner\"><\/div>\n\t\t<\/div>\n\t\t\t\t\t\t<\/div>\n\t\t\t\t<\/div>\n\t\t\t\t\t<\/div>\n\t\t<\/div>\n\t\t\t\t\t<\/div>\n\t\t<\/section>\n\t\t\t\t<section class=\"elementor-section elementor-top-section elementor-element elementor-element-742d26f elementor-section-stretched elementor-section-boxed elementor-section-height-default elementor-section-height-default\" data-id=\"742d26f\" data-element_type=\"section\" data-e-type=\"section\" data-settings=\"{&quot;stretch_section&quot;:&quot;section-stretched&quot;,&quot;background_background&quot;:&quot;classic&quot;}\">\n\t\t\t\t\t\t<div class=\"elementor-container elementor-column-gap-default\">\n\t\t\t\t\t<div class=\"elementor-column elementor-col-100 elementor-top-column elementor-element elementor-element-04cf841\" data-id=\"04cf841\" data-element_type=\"column\" data-e-type=\"column\">\n\t\t\t<div class=\"elementor-widget-wrap elementor-element-populated\">\n\t\t\t\t\t\t<div class=\"elementor-element elementor-element-fa6d74a elementor-widget elementor-widget-heading\" data-id=\"fa6d74a\" data-element_type=\"widget\" data-e-type=\"widget\" data-widget_type=\"heading.default\">\n\t\t\t\t<div class=\"elementor-widget-container\">\n\t\t\t\t\t<h1 class=\"elementor-heading-title elementor-size-default\">Comit\u00e9 paritario de Interpretaci\u00f3n, Aplicaci\u00f3n y Seguimiento del TLC<\/h1>\t\t\t\t<\/div>\n\t\t\t\t<\/div>\n\t\t\t\t\t<\/div>\n\t\t<\/div>\n\t\t\t\t\t<\/div>\n\t\t<\/section>\n\t\t\t\t<\/div>\n\t\t<\/div>\n\t\t\t\t\t\t<\/div>\n\t\t\t\t<\/div>\n\t\t\t\t\t<\/div>\n\t\t<\/div>\n\t\t\t\t\t<\/div>\n\t\t<\/section>\n\t\t\t\t<section class=\"elementor-section elementor-top-section elementor-element elementor-element-4668c36 elementor-section-boxed elementor-section-height-default elementor-section-height-default\" data-id=\"4668c36\" data-element_type=\"section\" data-e-type=\"section\">\n\t\t\t\t\t\t<div class=\"elementor-container elementor-column-gap-default\">\n\t\t\t\t\t<div class=\"elementor-column elementor-col-100 elementor-top-column elementor-element elementor-element-c597e10\" data-id=\"c597e10\" data-element_type=\"column\" data-e-type=\"column\">\n\t\t\t<div class=\"elementor-widget-wrap elementor-element-populated\">\n\t\t\t\t\t\t<div class=\"elementor-element elementor-element-55dc212 elementor-widget elementor-widget-text-editor\" data-id=\"55dc212\" data-element_type=\"widget\" data-e-type=\"widget\" data-widget_type=\"text-editor.default\">\n\t\t\t\t<div class=\"elementor-widget-container\">\n\t\t\t\t\t\t\t\t\t<h2>Funciones del Comit\u00e9 Paritario del AIC<\/h2>\t\t\t\t\t\t\t\t<\/div>\n\t\t\t\t<\/div>\n\t\t\t\t<div class=\"elementor-element elementor-element-11f95ea elementor-widget-divider--view-line elementor-widget elementor-widget-divider\" data-id=\"11f95ea\" data-element_type=\"widget\" data-e-type=\"widget\" data-widget_type=\"divider.default\">\n\t\t\t\t<div class=\"elementor-widget-container\">\n\t\t\t\t\t\t\t<div class=\"elementor-divider\">\n\t\t\t<span class=\"elementor-divider-separator\">\n\t\t\t\t\t\t<\/span>\n\t\t<\/div>\n\t\t\t\t\t\t<\/div>\n\t\t\t\t<\/div>\n\t\t\t\t<div class=\"elementor-element elementor-element-5f8c84a elementor-widget elementor-widget-text-editor\" data-id=\"5f8c84a\" data-element_type=\"widget\" data-e-type=\"widget\" data-widget_type=\"text-editor.default\">\n\t\t\t\t<div class=\"elementor-widget-container\">\n\t\t\t\t\t\t\t\t\t<p style=\"text-align: center;\"><strong>Disposici\u00f3n adicional tercera del Reglamento de funcionamiento del TLC.<\/strong><\/p><p>El Comit\u00e9 paritario de interpretaci\u00f3n, aplicaci\u00f3n y seguimiento del Acuerdo Interprofesional de Catalunya, por acuerdo un\u00e1nime de sus componentes, podr\u00e1 modificar el contenido y ampliar las competencias previstas en el presente reglamento.<\/p><p>Asimismo, son funciones de dicho Comit\u00e9, en relaci\u00f3n con el Tribunal Laboral de Catalunya:<\/p><ul><li><div>a) La interpretaci\u00f3n de cualquier cl\u00e1usula del presente acuerdo.<\/div><\/li><li><div>b) La constituci\u00f3n de las Delegaciones territoriales y sectoriales que se consideren convenientes en cada momento, as\u00ed como su composici\u00f3n.<\/div><\/li><li><div>c) El nombramiento y designaci\u00f3n de Secretarios o Secretarios de las diferentes delegaciones.<\/div><\/li><li><div>d) El nombramiento, a propuesta de parte, de miembros del cuerpo de \u00e1rbitros de Catalunya.<\/div><\/li><li><div>e) La ampliaci\u00f3n o reducci\u00f3n de la lista de \u00e1rbitros, manteniendo la condici\u00f3n de paridad.<\/div><\/li><li><div>f) Formulaci\u00f3n de una propuesta de acuerdo para regular los mecanismos de conciliaci\u00f3n, mediaci\u00f3n y arbitraje a nivel individual.<\/div><\/li><li><div>g) Adecuar este reglamento a cualquier novedad legal que pueda surgir durante su vigencia, si se considera conveniente.<\/div><\/li><li><div>h) Cualquier otra dimanante de la problem\u00e1tica de desarrollo, aplicaci\u00f3n e interpretaci\u00f3n de este reglamento.<\/div><\/li><li>i) Acordar las condiciones de adhesi\u00f3n al Tribunal Laboral de Catalunya de otras organizaciones sindicales o patronales.<\/li><li>j) Desarrollar los correspondientes reglamentos de funcionamiento para cada una de las Comisiones T\u00e9cnicas.<\/li><\/ul><p>El Comit\u00e9 tendr\u00e1 su domicilio, a efectos de notificaciones, en la sede del Tribunal Laboral de Catalunya, Barcelona, 08015, calle de Val\u00e8ncia, n\u00famero 1, subsuelo.<\/p><p>El Comit\u00e9 paritario de Interpretaci\u00f3n, Aplicaci\u00f3n y Seguimiento del Tribunal Laboral de Catalunya informar\u00e1 y escuchar\u00e1 con car\u00e1cter previo al Patronato de la Fundaci\u00f3n del Tribunal Laboral de Catalunya respecto a las decisiones del Comit\u00e9.<\/p>\t\t\t\t\t\t\t\t<\/div>\n\t\t\t\t<\/div>\n\t\t\t\t\t<\/div>\n\t\t<\/div>\n\t\t\t\t\t<\/div>\n\t\t<\/section>\n\t\t\t\t<section class=\"elementor-section elementor-top-section elementor-element elementor-element-5c98209 elementor-section-stretched elementor-section-boxed elementor-section-height-default elementor-section-height-default\" data-id=\"5c98209\" data-element_type=\"section\" data-e-type=\"section\" data-settings=\"{&quot;background_background&quot;:&quot;classic&quot;,&quot;stretch_section&quot;:&quot;section-stretched&quot;}\">\n\t\t\t\t\t\t<div class=\"elementor-container elementor-column-gap-default\">\n\t\t\t\t\t<div class=\"elementor-column elementor-col-100 elementor-top-column elementor-element elementor-element-85bf82e\" data-id=\"85bf82e\" data-element_type=\"column\" data-e-type=\"column\">\n\t\t\t<div class=\"elementor-widget-wrap elementor-element-populated\">\n\t\t\t\t\t\t<div class=\"elementor-element elementor-element-d5e2e78 elementor-widget elementor-widget-text-editor\" data-id=\"d5e2e78\" data-element_type=\"widget\" data-e-type=\"widget\" data-widget_type=\"text-editor.default\">\n\t\t\t\t<div class=\"elementor-widget-container\">\n\t\t\t\t\t\t\t\t\t<h2>Miembros de la Comisi\u00f3n Paritaria del AIC<\/h2>\t\t\t\t\t\t\t\t<\/div>\n\t\t\t\t<\/div>\n\t\t\t\t<div class=\"elementor-element elementor-element-3cf6bab elementor-widget-divider--view-line elementor-widget elementor-widget-divider\" data-id=\"3cf6bab\" data-element_type=\"widget\" data-e-type=\"widget\" data-widget_type=\"divider.default\">\n\t\t\t\t<div class=\"elementor-widget-container\">\n\t\t\t\t\t\t\t<div class=\"elementor-divider\">\n\t\t\t<span class=\"elementor-divider-separator\">\n\t\t\t\t\t\t<\/span>\n\t\t<\/div>\n\t\t\t\t\t\t<\/div>\n\t\t\t\t<\/div>\n\t\t\t\t<div class=\"elementor-element elementor-element-a741190 elementor-widget elementor-widget-text-editor\" data-id=\"a741190\" data-element_type=\"widget\" data-e-type=\"widget\" data-widget_type=\"text-editor.default\">\n\t\t\t\t<div class=\"elementor-widget-container\">\n\t\t\t\t\t\t\t\t\t<p style=\"text-align: center;\"><strong>Comisi\u00f3n Parit\u00e0ria de Interpretaci\u00f3n, Aplicaci\u00f3n y Seguimiento del AIC.<\/strong><\/p>\t\t\t\t\t\t\t\t<\/div>\n\t\t\t\t<\/div>\n\t\t\t\t<div class=\"elementor-element elementor-element-2200fa7 elementor-widget elementor-widget-text-editor\" data-id=\"2200fa7\" data-element_type=\"widget\" data-e-type=\"widget\" data-widget_type=\"text-editor.default\">\n\t\t\t\t<div class=\"elementor-widget-container\">\n\t\t\t\t\t\t\t\t\t<p><strong>Fomento del Trabajo Nacional<\/strong><\/p><p>Y\u00e9sika Aguilar Granados<\/p><p>Mireia Recio Ortega<\/p><p><strong>Pimec<\/strong><\/p><p>Josep Ginesta i Vicente<\/p><p><strong>Comisiones Obreras de Catalunya<\/strong><\/p><p>Enrique Rodr\u00edguez Ruiz<\/p><p>Jorge Moraleda Daza<\/p><p><strong>Uni\u00f3n General de Trabajadores de Catalunya:<\/strong><\/p><p>\u00d3scar Riu i Garcia<\/p><p>Jos\u00e9 Garc\u00eda Fern\u00e1ndez<\/p>\t\t\t\t\t\t\t\t<\/div>\n\t\t\t\t<\/div>\n\t\t\t\t\t<\/div>\n\t\t<\/div>\n\t\t\t\t\t<\/div>\n\t\t<\/section>\n\t\t\t\t<\/div>\n\t\t","protected":false},"excerpt":{"rendered":"<p>Funciones del Comit\u00e9 Paritario del AIC Disposici\u00f3n adicional tercera del Reglamento de funcionamiento del TLC. El Comit\u00e9 paritario de interpretaci\u00f3n, aplicaci\u00f3n y seguimiento del Acuerdo Interprofesional de Catalunya, por acuerdo un\u00e1nime de sus componentes, podr\u00e1 modificar el contenido y ampliar las competencias previstas en el presente reglamento. Asimismo, son funciones de dicho Comit\u00e9, en relaci\u00f3n&hellip;<\/p>\n","protected":false},"author":2,"featured_media":19340,"parent":15025,"menu_order":0,"comment_status":"closed","ping_status":"closed","template":"","meta":{"footnotes":""},"class_list":["post-18311","page","type-page","status-publish","has-post-thumbnail","hentry"],"_links":{"self":[{"href":"https:\/\/www.tribulab.cat\/es\/wp-json\/wp\/v2\/pages\/18311","targetHints":{"allow":["GET"]}}],"collection":[{"href":"https:\/\/www.tribulab.cat\/es\/wp-json\/wp\/v2\/pages"}],"about":[{"href":"https:\/\/www.tribulab.cat\/es\/wp-json\/wp\/v2\/types\/page"}],"author":[{"embeddable":true,"href":"https:\/\/www.tribulab.cat\/es\/wp-json\/wp\/v2\/users\/2"}],"replies":[{"embeddable":true,"href":"https:\/\/www.tribulab.cat\/es\/wp-json\/wp\/v2\/comments?post=18311"}],"version-history":[{"count":0,"href":"https:\/\/www.tribulab.cat\/es\/wp-json\/wp\/v2\/pages\/18311\/revisions"}],"up":[{"embeddable":true,"href":"https:\/\/www.tribulab.cat\/es\/wp-json\/wp\/v2\/pages\/15025"}],"wp:featuredmedia":[{"embeddable":true,"href":"https:\/\/www.tribulab.cat\/es\/wp-json\/wp\/v2\/media\/19340"}],"wp:attachment":[{"href":"https:\/\/www.tribulab.cat\/es\/wp-json\/wp\/v2\/media?parent=18311"}],"curies":[{"name":"wp","href":"https:\/\/api.w.org\/{rel}","templated":true}]}}